{"id":7134,"date":"2023-10-26T14:48:07","date_gmt":"2023-10-26T11:48:07","guid":{"rendered":"https:\/\/africancourtcoalition.org\/wp\/?page_id=7134"},"modified":"2023-10-26T14:50:39","modified_gmt":"2023-10-26T11:50:39","slug":"questionnaire_pt","status":"publish","type":"page","link":"https:\/\/africancourtcoalition.org\/fr\/questionnaire_pt\/","title":{"rendered":"Questionnaire PT"},"content":{"rendered":"<div class='fluentform ff-default fluentform_wrapper_16 ffs_default_wrap'><form data-form_id=\"16\" id=\"fluentform_16\" class=\"frm-fluent-form fluent_form_16 ff-el-form-top ff_form_instance_16_1 ff-form-loading ffs_default\" data-form_instance=\"ff_form_instance_16_1\" method=\"POST\" ><fieldset  style=\"border: none!important;margin: 0!important;padding: 0!important;background-color: transparent!important;box-shadow: none!important;outline: none!important; min-inline-size: 100%;\">\n                    <legend class=\"ff_screen_reader_title\" style=\"display: block; margin: 0!important;padding: 0!important;height: 0!important;text-indent: -999999px;width: 0!important;overflow:hidden;\">CAPACITY BUILDING TRAININGS PT<\/legend><p style=\"display: none !important;\" class=\"akismet-fields-container\" data-prefix=\"ak_\"><label>&#916;<textarea name=\"ak_hp_textarea\" cols=\"45\" rows=\"8\" maxlength=\"100\"><\/textarea><\/label><input type=\"hidden\" id=\"ak_js_1\" name=\"ak_js\" value=\"91\"\/><script>document.getElementById( \"ak_js_1\" ).setAttribute( \"value\", ( new Date() ).getTime() );<\/script><\/p>        <div\n                style=\"display: none!important; position: absolute!important; transform: translateX(1000%)!important;\"\n                class=\"ff-el-group ff-hpsf-container\"\n        >\n            <div class=\"ff-el-input--label asterisk-right\">\n                <label for=\"ff_16_item_sf\" aria-label=\"Newsletter\">\n                    Newsletter                <\/label>\n            <\/div>\n            <div class=\"ff-el-input--content\">\n                <input type=\"text\"\n                       name=\"item_16__fluent_sf\"\n                       class=\"ff-el-form-control\"\n                       id=\"ff_16_item_sf\"\n                \/>\n            <\/div>\n        <\/div>\n        <input type='hidden' name='__fluent_form_embded_post_id' value='7134' \/><input type=\"hidden\" id=\"_fluentform_16_fluentformnonce\" name=\"_fluentform_16_fluentformnonce\" value=\"cc42fdddc5\" \/><input type=\"hidden\" name=\"_wp_http_referer\" value=\"\/fr\/wp-json\/wp\/v2\/pages\/7134\" \/><div class=\"ff-el-group ff-el-section-break  ff_left\" data-name=\"section_break-16_1\" ><h3 class='ff-el-section-title'><\/h3><div class='ff-section_break_desk'><p style=\"text-align: center\"><span style=\"color: #008000\"><strong>QUESTION\u00c1RIO SOBRE O IMPACTO DAS AC\u00c7\u00d5ES DE FORMA\u00c7\u00c3O PARA O REFOR\u00c7O DAS CAPACIDADES DA COLIGA\u00c7\u00c3O DOS TRIBUNAIS AFRICANOS<\/strong><\/span><\/p><\/div><hr \/><\/div><div class=\"ff-name-address-wrapper fluent-address\" data-type=\"address-element\" data-name=\"address_2\" ><div class='ff-el-input--label'><label aria-label=\"Por favor, forne\u00e7a breves pormenores sobre si e sobre a forma\u00e7\u00e3o em mat\u00e9ria de refor\u00e7o das capacidades da Coliga\u00e7\u00e3o para o Tribunal Africano em que participou:\">Por favor, forne\u00e7a breves pormenores sobre si e sobre a forma\u00e7\u00e3o em mat\u00e9ria de refor\u00e7o das capacidades da Coliga\u00e7\u00e3o para o Tribunal Africano em que participou: <\/label><\/div><div class='ff-el-input--content'><div class='ff-t-container'><div class='ff-t-cell'><div class='ff-el-group'><div class=\"ff-el-input--label ff-el-is-required asterisk-right\"><label for='ff_16_address_2_address_line_1_' aria-label=\"O seu nome completo\">O seu nome completo <\/label><\/div><div class='ff-el-input--content'><input type=\"text\" name=\"address_2[address_line_1]\" id=\"ff_16_address_2_address_line_1_\" class=\"ff-el-form-control\" data-key_name=\"address_line_1\"  aria-invalid=\"false\" aria-required=true><\/div><\/div><\/div><div class='ff-t-cell'><div class='ff-el-group'><div class=\"ff-el-input--label ff-el-is-required asterisk-right\"><label for='ff_16_address_2_address_line_2_' aria-label=\"G\u00e9nero\">G\u00e9nero<\/label><\/div><div class='ff-el-input--content'><input type=\"text\" name=\"address_2[address_line_2]\" id=\"ff_16_address_2_address_line_2_\" class=\"ff-el-form-control\" data-key_name=\"address_line_2\"  aria-invalid=\"false\" aria-required=true><\/div><\/div><\/div><\/div><div class='ff-t-container'><div class='ff-t-cell'><div class='ff-el-group'><div class=\"ff-el-input--label ff-el-is-required asterisk-right\"><label for='ff_16_address_2_country_' aria-label=\"Pa\u00eds\">Pa\u00eds<\/label><\/div><div class='ff-el-input--content'><select name=\"address_2[country]\" id=\"ff_16_address_2_country_\" class=\"ff-el-form-control\" placeholder=\"Select Country\" data-key_name=\"country\" aria-invalid='false' aria-required=true><option value=''>Select Country<\/option><option value='AF' >Afghanistan<\/option><option value='ZA' >Afrique du Sud<\/option><option value='AL' >Albanie<\/option><option value='DZ' >Alg\u00e9rie<\/option><option value='DE' >Allemagne<\/option><option value='AS' >American Samoa<\/option><option value='AD' >Andorre<\/option><option value='AO' >Angola<\/option><option value='AI' >Anguilla<\/option><option value='AQ' >Antarctique<\/option><option value='AG' >Antigua-et-Barbuda<\/option><option value='SA' >Arabie Saoudite<\/option><option value='AR' >Argentine<\/option><option value='AM' >Arm\u00e9nie<\/option><option value='AW' >Aruba<\/option><option value='AU' >Australie<\/option><option value='AT' >Autriche<\/option><option value='AZ' >Azerbaijan<\/option><option value='BS' >Bahamas<\/option><option value='BH' >Bahrain<\/option><option value='BD' >Bangladesh<\/option><option value='BB' >Barbades<\/option><option value='PW' >Belau<\/option><option value='BE' >Belgique<\/option><option value='BZ' >Belize<\/option><option value='BJ' >Benin<\/option><option value='BM' >Bermudes<\/option><option value='BT' >Bhutan<\/option><option value='BY' >Bi\u00e9lorussie<\/option><option value='BO' >Bolivie<\/option><option value='BA' >Bosnie-Herz\u00e9govine<\/option><option value='BW' >Botswana<\/option><option value='BN' >Brunei<\/option><option value='BR' >Br\u00e9sil<\/option><option value='BG' >Bulgarie<\/option><option value='BF' >Burkina Faso<\/option><option value='BI' >Burundi<\/option><option value='KH' >Cambodge<\/option><option value='CM' >Cameroun<\/option><option value='CA' >Canada<\/option><option value='CV' >Cap Vert<\/option><option value='CL' >Chili<\/option><option value='CN' >Chine<\/option><option value='CX' >Christmas Island<\/option><option value='CY' >Chypre<\/option><option value='CO' >Colombie<\/option><option value='KM' >Comores<\/option><option value='KP' >Cor\u00e9e du Nord<\/option><option value='KR' >Cor\u00e9e du Sud<\/option><option value='CR' >Costa Rica<\/option><option value='HR' >Croatie<\/option><option value='CU' >Cuba<\/option><option value='CW' >Cura\u00e7ao<\/option><option value='CI' >C\u00f4te-d\u2019Ivoire<\/option><option value='DK' >Danemark<\/option><option value='DJ' >Djibouti<\/option><option value='DM' >Dominique<\/option><option value='ER' >Erythr\u00e9e<\/option><option value='ES' >Espagne<\/option><option value='EE' >Estonie<\/option><option value='US' >Etats-Unis (USA)<\/option><option value='FJ' >Fidji<\/option><option value='FI' >Finlande<\/option><option value='FR' >France<\/option><option value='GA' >Gabon<\/option><option value='GM' >Gambie<\/option><option value='GH' >Ghana<\/option><option value='GI' >Gibraltar<\/option><option value='GD' >Grenade<\/option><option value='GL' >Groenland<\/option><option value='GR' >Gr\u00e8ce<\/option><option value='GP' >Guadeloupe<\/option><option value='GU' >Guam<\/option><option value='GT' >Guatemala<\/option><option value='GG' >Guernesey<\/option><option value='GN' >Guin\u00e9e<\/option><option value='GQ' >Guin\u00e9e \u00e9quatoriale<\/option><option value='GW' >Guin\u00e9e-Bissau<\/option><option value='GY' >Guyane<\/option><option value='GF' >Guyane Fran\u00e7aise<\/option><option value='GE' >G\u00e9orgie<\/option><option value='GS' >G\u00e9orgie du Sud \/ \u00eeles Sandwich<\/option><option value='HT' >Ha\u00efti<\/option><option value='HN' >Honduras<\/option><option value='HK' >Hong Kong<\/option><option value='HU' >Hongrie<\/option><option value='IN' >Inde<\/option><option value='ID' >Indon\u00e9sie<\/option><option value='IR' >Iran<\/option><option value='IQ' >Iraq<\/option><option value='IE' >Irlande<\/option><option value='IS' >Islande<\/option><option value='IL' >Isra\u00ebl<\/option><option value='IT' >Italie<\/option><option value='JM' >Jama\u00efque<\/option><option value='JP' >Japon<\/option><option value='JE' >Jersey<\/option><option value='JO' >Jordanie<\/option><option value='KZ' >Kazakhstan<\/option><option value='KE' >Kenya<\/option><option value='KI' >Kiribati<\/option><option value='XK' >Kosovo<\/option><option value='KW' >Kowe\u00eft<\/option><option value='KG' >Kyrgyzstan<\/option><option value='RE' >La R\u00e9union<\/option><option value='LA' >Laos<\/option><option value='LS' >Lesotho<\/option><option value='LV' >Lettonie<\/option><option value='LB' >Liban<\/option><option value='LR' >Liberia<\/option><option value='LY' >Libye<\/option><option value='LI' >Liechtenstein<\/option><option value='LT' >Lituanie<\/option><option value='LU' >Luxembourg<\/option><option value='MO' >Macao S.A.R., Chine<\/option><option value='MK' >Mac\u00e9doine<\/option><option value='MG' >Madagascar<\/option><option value='MY' >Malaisie<\/option><option value='MW' >Malawi<\/option><option value='MV' >Maldives<\/option><option value='ML' >Mali<\/option><option value='MT' >Malte<\/option><option value='MA' >Maroc<\/option><option value='MQ' >Martinique<\/option><option value='MU' >Maurice<\/option><option value='MR' >Mauritanie<\/option><option value='YT' >Mayotte<\/option><option value='MX' >Mexique<\/option><option value='FM' >Micron\u00e9sie<\/option><option value='MD' >Moldavie<\/option><option value='MC' >Monaco<\/option><option value='MN' >Mongolie<\/option><option value='ME' >Montenegro<\/option><option value='MS' >Montserrat<\/option><option value='MZ' >Mozambique<\/option><option value='MM' >Myanmar<\/option><option value='NA' >Namibie<\/option><option value='NR' >Nauru<\/option><option value='NI' >Nicaragua<\/option><option value='NE' >Niger<\/option><option value='NG' >Nigeria<\/option><option value='NU' >Niue<\/option><option value='MP' >Northern Mariana Islands<\/option><option value='NO' >Norv\u00e8ge<\/option><option value='NC' >Nouvelle-Cal\u00e9donie<\/option><option value='NZ' >Nouvelle-Z\u00e9lande<\/option><option value='NP' >N\u00e9pal<\/option><option value='OM' >Oman<\/option><option value='PK' >Pakistan<\/option><option value='PA' >Panama<\/option><option value='PG' >Papouasie-Nouvelle-Guin\u00e9e<\/option><option value='PY' >Paraguay<\/option><option value='NL' >Pays-Bas<\/option><option value='PH' >Philippines<\/option><option value='PN' >Pitcairn<\/option><option value='PL' >Pologne<\/option><option value='PF' >Polyn\u00e9sie Fran\u00e7aise<\/option><option value='PT' >Portugal<\/option><option value='PR' >Puerto Rico<\/option><option value='PE' >P\u00e9rou<\/option><option value='QA' >Qatar<\/option><option value='RO' >Roumanie<\/option><option value='GB' >Royaume-Uni (UK)<\/option><option value='RU' >Russie<\/option><option value='RW' >Rwanda<\/option><option value='CF' >R\u00e9publique Centrafricaine<\/option><option value='DO' >R\u00e9publique Dominicaine<\/option><option value='CZ' >R\u00e9publique Tch\u00e8que<\/option><option value='CG' >R\u00e9publique du Congo (Brazzaville)<\/option><option value='CD' >R\u00e9publique d\u00e9mocratique du Congo (Kinshasa)<\/option><option value='BQ' >Saba, Saint-Eustache et Bonaire<\/option><option value='EH' >Sahara occidental<\/option><option value='BL' >Saint Barth\u00e9lemy<\/option><option value='PM' >Saint Pierre et Miquelon<\/option><option value='KN' >Saint-Kitts-et-Nevis<\/option><option value='MF' >Saint-Martin (partie fran\u00e7aise)<\/option><option value='SX' >Saint-Martin (partie n\u00e9erlandaise)<\/option><option value='VC' >Saint-Vincent-et-les-Grenadines<\/option><option value='SH' >Sainte-H\u00e9l\u00e8ne<\/option><option value='LC' >Sainte-Lucie<\/option><option value='SV' >Salvador<\/option><option value='WS' >Samoa<\/option><option value='SM' >San Marino<\/option><option value='ST' >Sao Tom\u00e9-et-Principe<\/option><option value='RS' >Serbie<\/option><option value='SC' >Seychelles<\/option><option value='SL' >Sierra Leone<\/option><option value='SG' >Singapour<\/option><option value='SK' >Slovaquie<\/option><option value='SI' >Slov\u00e9nie<\/option><option value='SO' >Somalie<\/option><option value='SD' >Soudan<\/option><option value='SS' >Soudan du Sud<\/option><option value='LK' >Sri Lanka<\/option><option value='CH' >Suisse<\/option><option value='SR' >Suriname<\/option><option value='SE' >Su\u00e8de<\/option><option value='SJ' >Svalbard et Jan Mayen<\/option><option value='SZ' >Swaziland<\/option><option value='SY' >Syrie<\/option><option value='SN' >S\u00e9n\u00e9gal<\/option><option value='TW' >Taiwan<\/option><option value='TJ' >Tajikistan<\/option><option value='TZ' >Tanzanie<\/option><option value='TD' >Tchad<\/option><option value='TF' >Terres Australes Fran\u00e7aises<\/option><option value='PS' >Territoire Palestinien<\/option><option value='IO' >Territoire britannique de l&rsquo;oc\u00e9an Indien<\/option><option value='TH' >Thailande<\/option><option value='TL' >Timor-Leste<\/option><option value='TG' >Togo<\/option><option value='TK' >Tokelau<\/option><option value='TO' >Tonga<\/option><option value='TT' >Trinit\u00e9-et-Tobago<\/option><option value='TN' >Tunisie<\/option><option value='TM' >Turkm\u00e9nistan<\/option><option value='TR' >Turquie<\/option><option value='TV' >Tuvalu<\/option><option value='UG' >Uganda<\/option><option value='UA' >Ukraine<\/option><option value='UY' >Uruguay<\/option><option value='UZ' >Uzbekistan<\/option><option value='VU' >Vanuatu<\/option><option value='VA' >Vatican<\/option><option value='VE' >Venezuela<\/option><option value='VN' >Vietnam<\/option><option value='WF' >Wallis et Futuna<\/option><option value='YE' >Yemen<\/option><option value='ZM' >Zambie<\/option><option value='ZW' >Zimbabwe<\/option><option value='EG' >\u00c9gypte<\/option><option value='AE' >\u00c9mirats Arabes Unis<\/option><option value='EC' >\u00c9quateur<\/option><option value='ET' >\u00c9thiopie<\/option><option value='BV' >\u00cele Bouvet<\/option><option value='NF' >\u00cele Norfolk<\/option><option value='IM' >\u00cele de Man<\/option><option value='AX' >\u00celes Aland<\/option><option value='KY' >\u00celes Ca\u00efmans<\/option><option value='CC' >\u00celes Cocos<\/option><option value='CK' >\u00celes Cook<\/option><option value='FK' >\u00celes Falkland<\/option><option value='FO' >\u00celes F\u00e9ro\u00e9<\/option><option value='HM' >\u00celes Heard-et-MacDonald<\/option><option value='MH' >\u00celes Marshall<\/option><option value='UM' >\u00celes Mineures \u00e9loign\u00e9es des \u00c9tats-Unis<\/option><option value='SB' >\u00celes Salomon<\/option><option value='TC' >\u00celes Turques et Ca\u00efques<\/option><option value='VI' >\u00celes Vierges am\u00e9ricaines (US)<\/option><option value='VG' >\u00celes Vierges britanniques<\/option><\/select><\/div><\/div><\/div><div class='ff-t-cell'><div class='ff-el-group'><div class=\"ff-el-input--label ff-el-is-required asterisk-right\"><label for='ff_16_address_2_city_' aria-label=\"Nome da forma\u00e7\u00e3o para o refor\u00e7o das capacidades\">Nome da forma\u00e7\u00e3o para o refor\u00e7o das capacidades<\/label><\/div><div class='ff-el-input--content'><input type=\"text\" name=\"address_2[city]\" id=\"ff_16_address_2_city_\" class=\"ff-el-form-control\" data-key_name=\"city\"  aria-invalid=\"false\" aria-required=true><\/div><\/div><\/div><\/div><div class='ff-t-container'><div class='ff-t-cell'><div class='ff-el-group'><div class=\"ff-el-input--label ff-el-is-required asterisk-right\"><label for='ff_16_address_2_state_' aria-label=\"M\u00eas e ano da forma\u00e7\u00e3o para o refor\u00e7o das capacidades\">M\u00eas e ano da forma\u00e7\u00e3o para o refor\u00e7o das capacidades<\/label><\/div><div class='ff-el-input--content'><input type=\"text\" name=\"address_2[state]\" id=\"ff_16_address_2_state_\" class=\"ff-el-form-control\" placeholder=\"MM\/YYYY\" data-key_name=\"state\"  aria-invalid=\"false\" aria-required=true><\/div><\/div><\/div><\/div><\/div><\/div><div class='ff-el-group'><div class=\"ff-el-input--label ff-el-is-required asterisk-right\"><label for='ff_16_email_1' aria-label=\"E-Mail\">E-Mail<\/label><\/div><div class='ff-el-input--content'><input type=\"email\" name=\"email_1\" id=\"ff_16_email_1\" class=\"ff-el-form-control\" placeholder=\"Endere\u00e7o de email\" data-name=\"email_1\"  aria-invalid=\"false\" aria-required=true><\/div><\/div><div class=\"ff-el-group ff-el-section-break  ff_left\" data-name=\"section_break-16_2\" ><h3 class='ff-el-section-title'><\/h3><div class='ff-section_break_desk'><p style=\"text-align: center\"><strong><span lang=\"PT\" style=\"color: #008000\">POR FAVOR, EXPLIQUE SUCINTAMENTE AS QUEST\u00d5ES QUE SE SEGUEM EM PONTOS<\/span><\/strong><\/p><\/div><hr \/><\/div><div class='ff-el-group'><div class=\"ff-el-input--label asterisk-right\"><label for='ff_16_description_2' aria-label=\"1.\tComo tem utilizado os conhecimentos adquiridos com a(s) forma\u00e7\u00e3o(\u00f5es) de capacita\u00e7\u00e3o oferecida(s) pela Coliga\u00e7\u00e3o para o Tribunal Africano?\">1.\tComo tem utilizado os conhecimentos adquiridos com a(s) forma\u00e7\u00e3o(\u00f5es) de capacita\u00e7\u00e3o oferecida(s) pela Coliga\u00e7\u00e3o para o Tribunal Africano?<\/label><\/div><div class='ff-el-input--content'><textarea aria-invalid=\"false\" aria-required=false name=\"description_2\" id=\"ff_16_description_2\" class=\"ff-el-form-control\" rows=\"5\" cols=\"2\" data-name=\"description_2\" ><\/textarea><\/div><\/div><div class='ff-el-group'><div class=\"ff-el-input--label asterisk-right\"><label for='ff_16_description_7' aria-label=\"2.\tH\u00e1 alguma a\u00e7\u00e3o espec\u00edfica que tenha tomado em resultado dos conhecimentos adquiridos nas forma\u00e7\u00f5es de refor\u00e7o das capacidades oferecidas pela Coliga\u00e7\u00e3o para a Justi\u00e7a Africana?\">2.\tH\u00e1 alguma a\u00e7\u00e3o espec\u00edfica que tenha tomado em resultado dos conhecimentos adquiridos nas forma\u00e7\u00f5es de refor\u00e7o das capacidades oferecidas pela Coliga\u00e7\u00e3o para a Justi\u00e7a Africana?<\/label><\/div><div class='ff-el-input--content'><textarea aria-invalid=\"false\" aria-required=false name=\"description_7\" id=\"ff_16_description_7\" class=\"ff-el-form-control\" rows=\"5\" cols=\"2\" data-name=\"description_7\" ><\/textarea><\/div><\/div><div class='ff-el-group'><div class=\"ff-el-input--label asterisk-right\"><label for='ff_16_description_8' aria-label=\"3.\tConseguiu colaborar de alguma forma com o Tribunal Africano dos Direitos do Homem e dos Povos ou com qualquer outro mecanismo regional de direitos humanos em quest\u00f5es relacionadas com os direitos das mulheres, em resultado dos conhecimentos adquiridos nas forma\u00e7\u00f5es da Coliga\u00e7\u00e3o para o Tribunal Africano?\">3.\tConseguiu colaborar de alguma forma com o Tribunal Africano dos Direitos do Homem e dos Povos ou com qualquer outro mecanismo regional de direitos humanos em quest\u00f5es relacionadas com os direitos das mulheres, em resultado dos conhecimentos adquiridos nas forma\u00e7\u00f5es da Coliga\u00e7\u00e3o para o Tribunal Africano?<\/label><\/div><div class='ff-el-input--content'><textarea aria-invalid=\"false\" aria-required=false name=\"description_8\" id=\"ff_16_description_8\" class=\"ff-el-form-control\" rows=\"5\" cols=\"2\" data-name=\"description_8\" ><\/textarea><\/div><\/div><div class='ff-el-group'><div class=\"ff-el-input--label asterisk-right\"><label for='ff_16_description_9' aria-label=\"4.\tComo tem tirado partido das nossas comunica\u00e7\u00f5es e actualiza\u00e7\u00f5es regulares sobre o trabalho do Tribunal Africano?\">4.\tComo tem tirado partido das nossas comunica\u00e7\u00f5es e actualiza\u00e7\u00f5es regulares sobre o trabalho do Tribunal Africano?<\/label><\/div><div class='ff-el-input--content'><textarea aria-invalid=\"false\" aria-required=false name=\"description_9\" id=\"ff_16_description_9\" class=\"ff-el-form-control\" rows=\"5\" cols=\"2\" data-name=\"description_9\" ><\/textarea><\/div><\/div><div class='ff-el-group'><div class=\"ff-el-input--label asterisk-right\"><label for='ff_16_email' aria-label=\"Email\">Email<\/label><\/div><div class='ff-el-input--content'><input type=\"email\" name=\"email\" id=\"ff_16_email\" class=\"ff-el-form-control\" placeholder=\"Email Address\" data-name=\"email\"  aria-invalid=\"false\" aria-required=false><\/div><\/div><div class='ff-el-group ff-text-center ff_submit_btn_wrapper'><button type=\"submit\" class=\"ff-btn ff-btn-submit ff-btn-md ff_btn_style wpf_has_custom_css\" >Enviar formul\u00e1rio<\/button><\/div><\/fieldset><\/form><div id='fluentform_16_errors' class='ff-errors-in-stack ff_form_instance_16_1 ff-form-loading_errors ff_form_instance_16_1_errors'><\/div><\/div>            <script type=\"text\/javascript\">\n                window.fluent_form_ff_form_instance_16_1 = {\"id\":\"16\",\"settings\":{\"layout\":{\"labelPlacement\":\"top\",\"helpMessagePlacement\":\"with_label\",\"errorMessagePlacement\":\"inline\"},\"restrictions\":{\"denyEmptySubmission\":{\"enabled\":false}}},\"form_instance\":\"ff_form_instance_16_1\",\"form_id_selector\":\"fluentform_16\",\"rules\":{\"address_2[address_line_1]\":{\"required\":{\"value\":true,\"message\":\"This field is required\"}},\"address_2[address_line_2]\":{\"required\":{\"value\":true,\"message\":\"This field is required\"}},\"address_2[city]\":{\"required\":{\"value\":true,\"message\":\"This field is required\"}},\"address_2[state]\":{\"required\":{\"value\":true,\"message\":\"This field is required\"}},\"address_2[zip]\":{\"required\":{\"value\":false,\"message\":\"This field is required\"}},\"address_2[country]\":{\"required\":{\"value\":true,\"message\":\"This field is required\"}},\"email_1\":{\"required\":{\"value\":true,\"message\":\"Este campo \\u00e9 obrigat\\u00f3rio\"},\"email\":{\"value\":true,\"message\":\"Este campo deve conter um e-mail v\\u00e1lido\"}},\"description_2\":{\"required\":{\"value\":false,\"message\":\"This field is required\"}},\"description_7\":{\"required\":{\"value\":false,\"message\":\"This field is required\"}},\"description_8\":{\"required\":{\"value\":false,\"message\":\"This field is required\"}},\"description_9\":{\"required\":{\"value\":false,\"message\":\"This field is required\"}},\"email\":{\"required\":{\"value\":false,\"message\":\"This field is required\"},\"email\":{\"value\":true,\"message\":\"This field must contain a valid email\"}}},\"debounce_time\":300};\n                            <\/script>\n            \n","protected":false},"excerpt":{"rendered":"","protected":false},"author":2,"featured_media":0,"parent":0,"menu_order":0,"comment_status":"closed","ping_status":"closed","template":"","meta":{"footnotes":""},"class_list":["post-7134","page","type-page","status-publish","hentry"],"_links":{"self":[{"href":"https:\/\/africancourtcoalition.org\/fr\/wp-json\/wp\/v2\/pages\/7134","targetHints":{"allow":["GET"]}}],"collection":[{"href":"https:\/\/africancourtcoalition.org\/fr\/wp-json\/wp\/v2\/pages"}],"about":[{"href":"https:\/\/africancourtcoalition.org\/fr\/wp-json\/wp\/v2\/types\/page"}],"author":[{"embeddable":true,"href":"https:\/\/africancourtcoalition.org\/fr\/wp-json\/wp\/v2\/users\/2"}],"replies":[{"embeddable":true,"href":"https:\/\/africancourtcoalition.org\/fr\/wp-json\/wp\/v2\/comments?post=7134"}],"version-history":[{"count":0,"href":"https:\/\/africancourtcoalition.org\/fr\/wp-json\/wp\/v2\/pages\/7134\/revisions"}],"wp:attachment":[{"href":"https:\/\/africancourtcoalition.org\/fr\/wp-json\/wp\/v2\/media?parent=7134"}],"curies":[{"name":"wp","href":"https:\/\/api.w.org\/{rel}","templated":true}]}}