{"id":7321,"date":"2023-12-15T15:15:14","date_gmt":"2023-12-15T12:15:14","guid":{"rendered":"https:\/\/africancourtcoalition.org\/wp\/?page_id=7321"},"modified":"2023-12-15T15:26:44","modified_gmt":"2023-12-15T12:26:44","slug":"questionnaire-english","status":"publish","type":"page","link":"https:\/\/africancourtcoalition.org\/fr\/questionnaire-english\/","title":{"rendered":"Questionnaire (English)"},"content":{"rendered":"\n<div class='fluentform ff-default fluentform_wrapper_20 ffs_default_wrap'><form data-form_id=\"20\" id=\"fluentform_20\" class=\"frm-fluent-form fluent_form_20 ff-el-form-top ff_form_instance_20_1 ff-form-loading ffs_default\" data-form_instance=\"ff_form_instance_20_1\" method=\"POST\" ><fieldset  style=\"border: none!important;margin: 0!important;padding: 0!important;background-color: transparent!important;box-shadow: none!important;outline: none!important; min-inline-size: 100%;\">\n                    <legend class=\"ff_screen_reader_title\" style=\"display: block; margin: 0!important;padding: 0!important;height: 0!important;text-indent: -999999px;width: 0!important;overflow:hidden;\">Nomination Questionnaire ENG<\/legend><p style=\"display: none !important;\" class=\"akismet-fields-container\" data-prefix=\"ak_\"><label>&#916;<textarea name=\"ak_hp_textarea\" cols=\"45\" rows=\"8\" maxlength=\"100\"><\/textarea><\/label><input type=\"hidden\" id=\"ak_js_1\" name=\"ak_js\" value=\"165\"\/><script>document.getElementById( \"ak_js_1\" ).setAttribute( \"value\", ( new Date() ).getTime() );<\/script><\/p>        <div\n                style=\"display: none!important; position: absolute!important; transform: translateX(1000%)!important;\"\n                class=\"ff-el-group ff-hpsf-container\"\n        >\n            <div class=\"ff-el-input--label asterisk-right\">\n                <label for=\"ff_20_item_sf\" aria-label=\"Newsletter\">\n                    Newsletter                <\/label>\n            <\/div>\n            <div class=\"ff-el-input--content\">\n                <input type=\"text\"\n                       name=\"item_20__fluent_sf\"\n                       class=\"ff-el-form-control\"\n                       id=\"ff_20_item_sf\"\n                \/>\n            <\/div>\n        <\/div>\n        <input type='hidden' name='__fluent_form_embded_post_id' value='7321' \/><input type=\"hidden\" id=\"_fluentform_20_fluentformnonce\" name=\"_fluentform_20_fluentformnonce\" value=\"a65c8bd402\" \/><input type=\"hidden\" name=\"_wp_http_referer\" value=\"\/fr\/wp-json\/wp\/v2\/pages\/7321\" \/><div class=\"ff-el-group ff-el-section-break  ff_left\" data-name=\"section_break-20_1\" ><h3 class='ff-el-section-title'><\/h3><div class='ff-section_break_desk'><p style=\"text-align: center\"><span style=\"color: #008000\"><strong>A Questionnaire on the Level of Transparency at National Level for the Nomination Process of Members of the African Human Rights System (The African Court, the African Commission and the Committee-ACERWC)<\/strong><\/span><\/p><\/div><hr \/><\/div><div class=\"ff-el-group ff-el-section-break  ff_left\" data-name=\"section_break-20_2\" ><h3 class='ff-el-section-title'><\/h3><div class='ff-section_break_desk'><p>Members of the African Human Rights system described here are Judges of the African Court on Human and Peoples\u2019 Rights, Commissioners of the African Commission on Human and Peoples\u2019 Rights and Members of the African Committee of Experts on the Rights and Welfare of the Child<\/p><\/div><hr \/><\/div><div class=\"ff-name-address-wrapper fluent-address\" data-type=\"address-element\" data-name=\"address_2\" ><div class='ff-el-input--content'><div class='ff-t-container'><div class='ff-t-cell'><div class='ff-el-group'><div class=\"ff-el-input--label ff-el-is-required asterisk-right\"><label for='ff_20_address_2_country_' aria-label=\"1. Name of your country\">1. Name of your country<\/label><\/div><div class='ff-el-input--content'><select name=\"address_2[country]\" id=\"ff_20_address_2_country_\" class=\"ff-el-form-control\" placeholder=\"Select Country\" data-key_name=\"country\" aria-invalid='false' aria-required=true><option value=''>Select Country<\/option><option value='AF' >Afghanistan<\/option><option value='ZA' >Afrique du Sud<\/option><option value='AL' >Albanie<\/option><option value='DZ' >Alg\u00e9rie<\/option><option value='DE' >Allemagne<\/option><option value='AS' >American Samoa<\/option><option value='AD' >Andorre<\/option><option value='AO' >Angola<\/option><option value='AI' >Anguilla<\/option><option value='AQ' >Antarctique<\/option><option value='AG' >Antigua-et-Barbuda<\/option><option value='SA' >Arabie Saoudite<\/option><option value='AR' >Argentine<\/option><option value='AM' >Arm\u00e9nie<\/option><option value='AW' >Aruba<\/option><option value='AU' >Australie<\/option><option value='AT' >Autriche<\/option><option value='AZ' >Azerbaijan<\/option><option value='BS' >Bahamas<\/option><option value='BH' >Bahrain<\/option><option value='BD' >Bangladesh<\/option><option value='BB' >Barbades<\/option><option value='PW' >Belau<\/option><option value='BE' >Belgique<\/option><option value='BZ' >Belize<\/option><option value='BJ' >Benin<\/option><option value='BM' >Bermudes<\/option><option value='BT' >Bhutan<\/option><option value='BY' >Bi\u00e9lorussie<\/option><option value='BO' >Bolivie<\/option><option value='BA' >Bosnie-Herz\u00e9govine<\/option><option value='BW' >Botswana<\/option><option value='BN' >Brunei<\/option><option value='BR' >Br\u00e9sil<\/option><option value='BG' >Bulgarie<\/option><option value='BF' >Burkina Faso<\/option><option value='BI' >Burundi<\/option><option value='KH' >Cambodge<\/option><option value='CM' >Cameroun<\/option><option value='CA' >Canada<\/option><option value='CV' >Cap Vert<\/option><option value='CL' >Chili<\/option><option value='CN' >Chine<\/option><option value='CX' >Christmas Island<\/option><option value='CY' >Chypre<\/option><option value='CO' >Colombie<\/option><option value='KM' >Comores<\/option><option value='KP' >Cor\u00e9e du Nord<\/option><option value='KR' >Cor\u00e9e du Sud<\/option><option value='CR' >Costa Rica<\/option><option value='HR' >Croatie<\/option><option value='CU' >Cuba<\/option><option value='CW' >Cura\u00e7ao<\/option><option value='CI' >C\u00f4te-d\u2019Ivoire<\/option><option value='DK' >Danemark<\/option><option value='DJ' >Djibouti<\/option><option value='DM' >Dominique<\/option><option value='ER' >Erythr\u00e9e<\/option><option value='ES' >Espagne<\/option><option value='EE' >Estonie<\/option><option value='US' >Etats-Unis (USA)<\/option><option value='FJ' >Fidji<\/option><option value='FI' >Finlande<\/option><option value='FR' >France<\/option><option value='GA' >Gabon<\/option><option value='GM' >Gambie<\/option><option value='GH' >Ghana<\/option><option value='GI' >Gibraltar<\/option><option value='GD' >Grenade<\/option><option value='GL' >Groenland<\/option><option value='GR' >Gr\u00e8ce<\/option><option value='GP' >Guadeloupe<\/option><option value='GU' >Guam<\/option><option value='GT' >Guatemala<\/option><option value='GG' >Guernesey<\/option><option value='GN' >Guin\u00e9e<\/option><option value='GQ' >Guin\u00e9e \u00e9quatoriale<\/option><option value='GW' >Guin\u00e9e-Bissau<\/option><option value='GY' >Guyane<\/option><option value='GF' >Guyane Fran\u00e7aise<\/option><option value='GE' >G\u00e9orgie<\/option><option value='GS' >G\u00e9orgie du Sud \/ \u00eeles Sandwich<\/option><option value='HT' >Ha\u00efti<\/option><option value='HN' >Honduras<\/option><option value='HK' >Hong Kong<\/option><option value='HU' >Hongrie<\/option><option value='IN' >Inde<\/option><option value='ID' >Indon\u00e9sie<\/option><option value='IR' >Iran<\/option><option value='IQ' >Iraq<\/option><option value='IE' >Irlande<\/option><option value='IS' >Islande<\/option><option value='IL' >Isra\u00ebl<\/option><option value='IT' >Italie<\/option><option value='JM' >Jama\u00efque<\/option><option value='JP' >Japon<\/option><option value='JE' >Jersey<\/option><option value='JO' >Jordanie<\/option><option value='KZ' >Kazakhstan<\/option><option value='KE' >Kenya<\/option><option value='KI' >Kiribati<\/option><option value='XK' >Kosovo<\/option><option value='KW' >Kowe\u00eft<\/option><option value='KG' >Kyrgyzstan<\/option><option value='RE' >La R\u00e9union<\/option><option value='LA' >Laos<\/option><option value='LS' >Lesotho<\/option><option value='LV' >Lettonie<\/option><option value='LB' >Liban<\/option><option value='LR' >Liberia<\/option><option value='LY' >Libye<\/option><option value='LI' >Liechtenstein<\/option><option value='LT' >Lituanie<\/option><option value='LU' >Luxembourg<\/option><option value='MO' >Macao S.A.R., Chine<\/option><option value='MK' >Mac\u00e9doine<\/option><option value='MG' >Madagascar<\/option><option value='MY' >Malaisie<\/option><option value='MW' >Malawi<\/option><option value='MV' >Maldives<\/option><option value='ML' >Mali<\/option><option value='MT' >Malte<\/option><option value='MA' >Maroc<\/option><option value='MQ' >Martinique<\/option><option value='MU' >Maurice<\/option><option value='MR' >Mauritanie<\/option><option value='YT' >Mayotte<\/option><option value='MX' >Mexique<\/option><option value='FM' >Micron\u00e9sie<\/option><option value='MD' >Moldavie<\/option><option value='MC' >Monaco<\/option><option value='MN' >Mongolie<\/option><option value='ME' >Montenegro<\/option><option value='MS' >Montserrat<\/option><option value='MZ' >Mozambique<\/option><option value='MM' >Myanmar<\/option><option value='NA' >Namibie<\/option><option value='NR' >Nauru<\/option><option value='NI' >Nicaragua<\/option><option value='NE' >Niger<\/option><option value='NG' >Nigeria<\/option><option value='NU' >Niue<\/option><option value='MP' >Northern Mariana Islands<\/option><option value='NO' >Norv\u00e8ge<\/option><option value='NC' >Nouvelle-Cal\u00e9donie<\/option><option value='NZ' >Nouvelle-Z\u00e9lande<\/option><option value='NP' >N\u00e9pal<\/option><option value='OM' >Oman<\/option><option value='PK' >Pakistan<\/option><option value='PA' >Panama<\/option><option value='PG' >Papouasie-Nouvelle-Guin\u00e9e<\/option><option value='PY' >Paraguay<\/option><option value='NL' >Pays-Bas<\/option><option value='PH' >Philippines<\/option><option value='PN' >Pitcairn<\/option><option value='PL' >Pologne<\/option><option value='PF' >Polyn\u00e9sie Fran\u00e7aise<\/option><option value='PT' >Portugal<\/option><option value='PR' >Puerto Rico<\/option><option value='PE' >P\u00e9rou<\/option><option value='QA' >Qatar<\/option><option value='RO' >Roumanie<\/option><option value='GB' >Royaume-Uni (UK)<\/option><option value='RU' >Russie<\/option><option value='RW' >Rwanda<\/option><option value='CF' >R\u00e9publique Centrafricaine<\/option><option value='DO' >R\u00e9publique Dominicaine<\/option><option value='CZ' >R\u00e9publique Tch\u00e8que<\/option><option value='CG' >R\u00e9publique du Congo (Brazzaville)<\/option><option value='CD' >R\u00e9publique d\u00e9mocratique du Congo (Kinshasa)<\/option><option value='BQ' >Saba, Saint-Eustache et Bonaire<\/option><option value='EH' >Sahara occidental<\/option><option value='BL' >Saint Barth\u00e9lemy<\/option><option value='PM' >Saint Pierre et Miquelon<\/option><option value='KN' >Saint-Kitts-et-Nevis<\/option><option value='MF' >Saint-Martin (partie fran\u00e7aise)<\/option><option value='SX' >Saint-Martin (partie n\u00e9erlandaise)<\/option><option value='VC' >Saint-Vincent-et-les-Grenadines<\/option><option value='SH' >Sainte-H\u00e9l\u00e8ne<\/option><option value='LC' >Sainte-Lucie<\/option><option value='SV' >Salvador<\/option><option value='WS' >Samoa<\/option><option value='SM' >San Marino<\/option><option value='ST' >Sao Tom\u00e9-et-Principe<\/option><option value='RS' >Serbie<\/option><option value='SC' >Seychelles<\/option><option value='SL' >Sierra Leone<\/option><option value='SG' >Singapour<\/option><option value='SK' >Slovaquie<\/option><option value='SI' >Slov\u00e9nie<\/option><option value='SO' >Somalie<\/option><option value='SD' >Soudan<\/option><option value='SS' >Soudan du Sud<\/option><option value='LK' >Sri Lanka<\/option><option value='CH' >Suisse<\/option><option value='SR' >Suriname<\/option><option value='SE' >Su\u00e8de<\/option><option value='SJ' >Svalbard et Jan Mayen<\/option><option value='SZ' >Swaziland<\/option><option value='SY' >Syrie<\/option><option value='SN' >S\u00e9n\u00e9gal<\/option><option value='TW' >Taiwan<\/option><option value='TJ' >Tajikistan<\/option><option value='TZ' >Tanzanie<\/option><option value='TD' >Tchad<\/option><option value='TF' >Terres Australes Fran\u00e7aises<\/option><option value='PS' >Territoire Palestinien<\/option><option value='IO' >Territoire britannique de l&rsquo;oc\u00e9an Indien<\/option><option value='TH' >Thailande<\/option><option value='TL' >Timor-Leste<\/option><option value='TG' >Togo<\/option><option value='TK' >Tokelau<\/option><option value='TO' >Tonga<\/option><option value='TT' >Trinit\u00e9-et-Tobago<\/option><option value='TN' >Tunisie<\/option><option value='TM' >Turkm\u00e9nistan<\/option><option value='TR' >Turquie<\/option><option value='TV' >Tuvalu<\/option><option value='UG' >Uganda<\/option><option value='UA' >Ukraine<\/option><option value='UY' >Uruguay<\/option><option value='UZ' >Uzbekistan<\/option><option value='VU' >Vanuatu<\/option><option value='VA' >Vatican<\/option><option value='VE' >Venezuela<\/option><option value='VN' >Vietnam<\/option><option value='WF' >Wallis et Futuna<\/option><option value='YE' >Yemen<\/option><option value='ZM' >Zambie<\/option><option value='ZW' >Zimbabwe<\/option><option value='EG' >\u00c9gypte<\/option><option value='AE' >\u00c9mirats Arabes Unis<\/option><option value='EC' >\u00c9quateur<\/option><option value='ET' >\u00c9thiopie<\/option><option value='BV' >\u00cele Bouvet<\/option><option value='NF' >\u00cele Norfolk<\/option><option value='IM' >\u00cele de Man<\/option><option value='AX' >\u00celes Aland<\/option><option value='KY' >\u00celes Ca\u00efmans<\/option><option value='CC' >\u00celes Cocos<\/option><option value='CK' >\u00celes Cook<\/option><option value='FK' >\u00celes Falkland<\/option><option value='FO' >\u00celes F\u00e9ro\u00e9<\/option><option value='HM' >\u00celes Heard-et-MacDonald<\/option><option value='MH' >\u00celes Marshall<\/option><option value='UM' >\u00celes Mineures \u00e9loign\u00e9es des \u00c9tats-Unis<\/option><option value='SB' >\u00celes Salomon<\/option><option value='TC' >\u00celes Turques et Ca\u00efques<\/option><option value='VI' >\u00celes Vierges am\u00e9ricaines (US)<\/option><option value='VG' >\u00celes Vierges britanniques<\/option><\/select><\/div><\/div><\/div><\/div><\/div><\/div><div class='ff-el-group'><div class=\"ff-el-input--label ff-el-is-required asterisk-right\"><label  aria-label=\"2.\tWhich role describes you best?\">2.\tWhich role describes you best?<\/label><\/div><div class='ff-el-input--content'><div class='ff-el-form-check ff-el-form-check-'><label class='ff-el-form-check-label' for=input_radio_1_d356cfbf0b26ba25df0223aed60a1347><input  type=\"radio\" name=\"input_radio_1\" data-name=\"input_radio_1\" class=\"ff-el-form-check-input ff-el-form-check-radio\" value=\"a) CSO \"  id='input_radio_1_d356cfbf0b26ba25df0223aed60a1347' aria-label='a) CSO' aria-invalid='false' aria-required=true> <span>a) CSO <\/span><\/label><\/div><div class='ff-el-form-check ff-el-form-check-'><label class='ff-el-form-check-label' for=input_radio_1_c47fbb554fee55c12dd90c9870355bb7><input  type=\"radio\" name=\"input_radio_1\" data-name=\"input_radio_1\" class=\"ff-el-form-check-input ff-el-form-check-radio\" value=\"b) Legal practitioner \"  id='input_radio_1_c47fbb554fee55c12dd90c9870355bb7' aria-label='b) Legal practitioner' aria-invalid='false' aria-required=true> <span>b) Legal practitioner <\/span><\/label><\/div><div class='ff-el-form-check ff-el-form-check-'><label class='ff-el-form-check-label' for=input_radio_1_3141c67b93cff68b9e40d4e4994f6536><input  type=\"radio\" name=\"input_radio_1\" data-name=\"input_radio_1\" class=\"ff-el-form-check-input ff-el-form-check-radio\" value=\"c) researcher\/academic \"  id='input_radio_1_3141c67b93cff68b9e40d4e4994f6536' aria-label='c) researcher\/academic' aria-invalid='false' aria-required=true> <span>c) researcher\/academic <\/span><\/label><\/div><div class='ff-el-form-check ff-el-form-check-'><label class='ff-el-form-check-label' for=input_radio_1_ad1034999ccd2ddbfd882a008f12ffec><input  type=\"radio\" name=\"input_radio_1\" data-name=\"input_radio_1\" class=\"ff-el-form-check-input ff-el-form-check-radio\" value=\"d) Member of the judiciary \"  id='input_radio_1_ad1034999ccd2ddbfd882a008f12ffec' aria-label='d) Member of the judiciary' aria-invalid='false' aria-required=true> <span>d) Member of the judiciary <\/span><\/label><\/div><div class='ff-el-form-check ff-el-form-check-'><label class='ff-el-form-check-label' for=input_radio_1_5b99e36ff6400ea14c920fff98830bca><input  type=\"radio\" name=\"input_radio_1\" data-name=\"input_radio_1\" class=\"ff-el-form-check-input ff-el-form-check-radio\" value=\"e) NHRI \"  id='input_radio_1_5b99e36ff6400ea14c920fff98830bca' aria-label='e) NHRI' aria-invalid='false' aria-required=true> <span>e) NHRI <\/span><\/label><\/div><div class='ff-el-form-check ff-el-form-check-'><label class='ff-el-form-check-label' for=input_radio_1_0ccc5e9cf2315c6ff61c5901444aca63><input  type=\"radio\" name=\"input_radio_1\" data-name=\"input_radio_1\" class=\"ff-el-form-check-input ff-el-form-check-radio\" value=\"f) other\"  id='input_radio_1_0ccc5e9cf2315c6ff61c5901444aca63' aria-label='f) other' aria-invalid='false' aria-required=true> <span>f) other<\/span><\/label><\/div><\/div><\/div><div class='ff-el-group'><div class=\"ff-el-input--label ff-el-is-required asterisk-right\"><label  aria-label=\"3.\tHow transparent is the nomination process in your country for candidates who run for election of Members of the African Human Rights System?\">3.\tHow transparent is the nomination process in your country for candidates who run for election of Members of the African Human Rights System?<\/label><\/div><div class='ff-el-input--content'><div class='ff-el-form-check ff-el-form-check-'><label class='ff-el-form-check-label' for=input_radio_2_e9fa6fcfc7f872661593ff729f29f171><input  type=\"radio\" name=\"input_radio_2\" data-name=\"input_radio_2\" class=\"ff-el-form-check-input ff-el-form-check-radio\" value=\"a) 0-25% \"  id='input_radio_2_e9fa6fcfc7f872661593ff729f29f171' aria-label='a) 0-25%' aria-invalid='false' aria-required=true> <span>a) 0-25% <\/span><\/label><\/div><div class='ff-el-form-check ff-el-form-check-'><label class='ff-el-form-check-label' for=input_radio_2_2f26efdef2c02680b74b022a43952a9f><input  type=\"radio\" name=\"input_radio_2\" data-name=\"input_radio_2\" class=\"ff-el-form-check-input ff-el-form-check-radio\" value=\"b) 26-50% \"  id='input_radio_2_2f26efdef2c02680b74b022a43952a9f' aria-label='b) 26-50%' aria-invalid='false' aria-required=true> <span>b) 26-50% <\/span><\/label><\/div><div class='ff-el-form-check ff-el-form-check-'><label class='ff-el-form-check-label' for=input_radio_2_7c7a6f65d4661603ff24c1e0cdc39e15><input  type=\"radio\" name=\"input_radio_2\" data-name=\"input_radio_2\" class=\"ff-el-form-check-input ff-el-form-check-radio\" value=\"c) 51-75% \"  id='input_radio_2_7c7a6f65d4661603ff24c1e0cdc39e15' aria-label='c) 51-75%' aria-invalid='false' aria-required=true> <span>c) 51-75% <\/span><\/label><\/div><div class='ff-el-form-check ff-el-form-check-'><label class='ff-el-form-check-label' for=input_radio_2_1d11c4b3406c62c3819cebfc6b284b85><input  type=\"radio\" name=\"input_radio_2\" data-name=\"input_radio_2\" class=\"ff-el-form-check-input ff-el-form-check-radio\" value=\"d) 76-100%\"  id='input_radio_2_1d11c4b3406c62c3819cebfc6b284b85' aria-label='d) 76-100%' aria-invalid='false' aria-required=true> <span>d) 76-100%<\/span><\/label><\/div><\/div><\/div><div class='ff-el-group'><div class=\"ff-el-input--label ff-el-is-required asterisk-right\"><label  aria-label=\"4.\tDo you know which government department is responsible for nomination of candidates in your country?\">4.\tDo you know which government department is responsible for nomination of candidates in your country? <\/label><\/div><div class='ff-el-input--content'><div class='ff-el-form-check ff-el-form-check-'><label class='ff-el-form-check-label' for=input_radio_3_8bca402504f44c500f9a584e41141ae0><input  type=\"radio\" name=\"input_radio_3\" data-name=\"input_radio_3\" class=\"ff-el-form-check-input ff-el-form-check-radio\" value=\"a) Yes\"  id='input_radio_3_8bca402504f44c500f9a584e41141ae0' aria-label='a) Yes' aria-invalid='false' aria-required=true> <span>a) Yes<\/span><\/label><\/div><div class='ff-el-form-check ff-el-form-check-'><label class='ff-el-form-check-label' for=input_radio_3_a7fd5640a5c4695ed7e9f84223bd464b><input  type=\"radio\" name=\"input_radio_3\" data-name=\"input_radio_3\" class=\"ff-el-form-check-input ff-el-form-check-radio\" value=\"b) No\"  id='input_radio_3_a7fd5640a5c4695ed7e9f84223bd464b' aria-label='b) No' aria-invalid='false' aria-required=true> <span>b) No<\/span><\/label><\/div><\/div><\/div><div class='ff-el-group'><div class=\"ff-el-input--label asterisk-right\"><label for='ff_20_input_text' aria-label=\"If the answer is yes, please name the department\">If the answer is yes, please name the department<\/label><\/div><div class='ff-el-input--content'><input type=\"text\" name=\"input_text\" class=\"ff-el-form-control\" data-name=\"input_text\" id=\"ff_20_input_text\"  aria-invalid=\"false\" aria-required=false><\/div><\/div><div class='ff-el-group'><div class=\"ff-el-input--label asterisk-right\"><label for='ff_20_input_text_1' aria-label=\"5.\tIn your opinion which country in Africa do you think have the most transparent nomination process that others can learn from? (You can name more than one)\">5.\tIn your opinion which country in Africa do you think have the most transparent nomination process that others can learn from? (You can name more than one) <\/label><\/div><div class='ff-el-input--content'><input type=\"text\" name=\"input_text_1\" class=\"ff-el-form-control\" data-name=\"input_text_1\" id=\"ff_20_input_text_1\"  aria-invalid=\"false\" aria-required=false><\/div><\/div><div class='ff-el-group'><div class=\"ff-el-input--label ff-el-is-required asterisk-right\"><label for='ff_20_description_2' aria-label=\"6. In your role, what can you do to make the nomination process in your country more transparent? (Not more than 200 words)\">6. In your role, what can you do to make the nomination process in your country more transparent? (Not more than 200 words)<\/label><\/div><div class='ff-el-input--content'><textarea aria-invalid=\"false\" aria-required=true name=\"description_2\" id=\"ff_20_description_2\" class=\"ff-el-form-control\" rows=\"6\" cols=\"2\" data-name=\"description_2\" ><\/textarea><\/div><\/div><div class='ff-el-group'><div class=\"ff-el-input--label asterisk-right\"><label for='ff_20_description_10' aria-label=\"7.\tCan you provide three names of candidates in your country that you think qualify to be members of the African Human Rights system? (Not more than 50 words)\">7.\tCan you provide three names of candidates in your country that you think qualify to be members of the African Human Rights system? (Not more than 50 words)<\/label><\/div><div class='ff-el-input--content'><textarea aria-invalid=\"false\" aria-required=false name=\"description_10\" id=\"ff_20_description_10\" class=\"ff-el-form-control\" rows=\"4\" cols=\"2\" data-name=\"description_10\" ><\/textarea><\/div><\/div><div class='ff-el-group ff-text-center ff_submit_btn_wrapper'><button type=\"submit\" class=\"ff-btn ff-btn-submit ff-btn-md ff_btn_style wpf_has_custom_css\" >Submit Form<\/button><\/div><\/fieldset><\/form><div id='fluentform_20_errors' class='ff-errors-in-stack ff_form_instance_20_1 ff-form-loading_errors ff_form_instance_20_1_errors'><\/div><\/div>            <script type=\"text\/javascript\">\n                window.fluent_form_ff_form_instance_20_1 = {\"id\":\"20\",\"settings\":{\"layout\":{\"labelPlacement\":\"top\",\"helpMessagePlacement\":\"with_label\",\"errorMessagePlacement\":\"inline\"},\"restrictions\":{\"denyEmptySubmission\":{\"enabled\":false}}},\"form_instance\":\"ff_form_instance_20_1\",\"form_id_selector\":\"fluentform_20\",\"rules\":{\"address_2[address_line_1]\":{\"required\":{\"value\":true,\"message\":\"This field is required\"}},\"address_2[address_line_2]\":{\"required\":{\"value\":true,\"message\":\"This field is required\"}},\"address_2[city]\":{\"required\":{\"value\":true,\"message\":\"This field is required\"}},\"address_2[state]\":{\"required\":{\"value\":true,\"message\":\"This field is required\"}},\"address_2[zip]\":{\"required\":{\"value\":false,\"message\":\"This field is required\"}},\"address_2[country]\":{\"required\":{\"value\":true,\"message\":\"This field is required\"}},\"input_radio_1\":{\"required\":{\"value\":true,\"message\":\"This field is required\"}},\"input_radio_2\":{\"required\":{\"value\":true,\"message\":\"This field is required\"}},\"input_radio_3\":{\"required\":{\"value\":true,\"message\":\"This field is required\"}},\"input_text\":{\"required\":{\"value\":false,\"message\":\"This field is required\"}},\"input_text_1\":{\"required\":{\"value\":false,\"message\":\"This field is required\"}},\"description_2\":{\"required\":{\"value\":true,\"message\":\"This field is required\"}},\"description_10\":{\"required\":{\"value\":false,\"message\":\"This field is required\"}}},\"debounce_time\":300};\n                            <\/script>\n            \n","protected":false},"excerpt":{"rendered":"","protected":false},"author":2,"featured_media":0,"parent":0,"menu_order":0,"comment_status":"closed","ping_status":"closed","template":"","meta":{"footnotes":""},"class_list":["post-7321","page","type-page","status-publish","hentry"],"_links":{"self":[{"href":"https:\/\/africancourtcoalition.org\/fr\/wp-json\/wp\/v2\/pages\/7321","targetHints":{"allow":["GET"]}}],"collection":[{"href":"https:\/\/africancourtcoalition.org\/fr\/wp-json\/wp\/v2\/pages"}],"about":[{"href":"https:\/\/africancourtcoalition.org\/fr\/wp-json\/wp\/v2\/types\/page"}],"author":[{"embeddable":true,"href":"https:\/\/africancourtcoalition.org\/fr\/wp-json\/wp\/v2\/users\/2"}],"replies":[{"embeddable":true,"href":"https:\/\/africancourtcoalition.org\/fr\/wp-json\/wp\/v2\/comments?post=7321"}],"version-history":[{"count":0,"href":"https:\/\/africancourtcoalition.org\/fr\/wp-json\/wp\/v2\/pages\/7321\/revisions"}],"wp:attachment":[{"href":"https:\/\/africancourtcoalition.org\/fr\/wp-json\/wp\/v2\/media?parent=7321"}],"curies":[{"name":"wp","href":"https:\/\/api.w.org\/{rel}","templated":true}]}}