{"id":7933,"date":"2024-07-16T14:55:01","date_gmt":"2024-07-16T11:55:01","guid":{"rendered":"https:\/\/africancourtcoalition.org\/?page_id=7933"},"modified":"2025-10-24T12:44:38","modified_gmt":"2025-10-24T09:44:38","slug":"university-students-membership","status":"publish","type":"page","link":"https:\/\/africancourtcoalition.org\/fr\/university-students-membership\/","title":{"rendered":"University Students Membership"},"content":{"rendered":"\t\t<div data-elementor-type=\"wp-page\" data-elementor-id=\"7933\" class=\"elementor elementor-7933\" data-elementor-post-type=\"page\">\n\t\t\t\t\t\t<section class=\"elementor-section elementor-top-section elementor-element elementor-element-716ec38 elementor-section-boxed elementor-section-height-default elementor-section-height-default\" data-id=\"716ec38\" data-element_type=\"section\">\r\n\t\t\r\n\t\t\t\t\t\t\t<div class=\"elementor-container elementor-column-gap-default\">\r\n\t\t\t\t\t\t\t\t\t\t\t<div class=\"elementor-column elementor-col-100 elementor-top-column elementor-element elementor-element-ad4df8d\" data-id=\"ad4df8d\" data-element_type=\"column\">\r\n\t\t\t\t\t<div class=\"elementor-widget-wrap elementor-element-populated\">\r\n\t\t\t\t\t\t\t\t<div class=\"elementor-element elementor-element-974ad64 elementor-tabs-alignment-center elementor-tabs-view-horizontal elementor-widget elementor-widget-tabs\" data-id=\"974ad64\" data-element_type=\"widget\" data-widget_type=\"tabs.default\">\n\t\t\t\t<div class=\"elementor-widget-container\">\n\t\t\t\t\t<div class=\"elementor-tabs\">\n\t\t\t<div class=\"elementor-tabs-wrapper\" role=\"tablist\" >\n\t\t\t\t\t\t\t\t\t<div id=\"elementor-tab-title-1581\" class=\"elementor-tab-title elementor-tab-desktop-title\" aria-selected=\"true\" data-tab=\"1\" role=\"tab\" tabindex=\"0\" aria-controls=\"elementor-tab-content-1581\" aria-expanded=\"false\">UNIVERSITY STUDENTS MEMBERSHIP FORM<\/div>\n\t\t\t\t\t\t\t\t\t<div id=\"elementor-tab-title-1582\" class=\"elementor-tab-title elementor-tab-desktop-title\" aria-selected=\"false\" data-tab=\"2\" role=\"tab\" tabindex=\"-1\" aria-controls=\"elementor-tab-content-1582\" aria-expanded=\"false\">FORMULAIRE D'ADH\u00c9SION POUR LES \u00c9TUDIANTS UNIVERSITAIRES<\/div>\n\t\t\t\t\t\t\t<\/div>\n\t\t\t<div class=\"elementor-tabs-content-wrapper\" role=\"tablist\" aria-orientation=\"vertical\">\n\t\t\t\t\t\t\t\t\t<div class=\"elementor-tab-title elementor-tab-mobile-title\" aria-selected=\"true\" data-tab=\"1\" role=\"tab\" tabindex=\"0\" aria-controls=\"elementor-tab-content-1581\" aria-expanded=\"false\">UNIVERSITY STUDENTS MEMBERSHIP FORM<\/div>\n\t\t\t\t\t<div id=\"elementor-tab-content-1581\" class=\"elementor-tab-content elementor-clearfix\" data-tab=\"1\" role=\"tabpanel\" aria-labelledby=\"elementor-tab-title-1581\" tabindex=\"0\" hidden=\"false\"><p style=\"text-align: left;\"><span style=\"font-size: 19px;\"><strong style=\"color: var(--porto-body-color); letter-spacing: var(--porto-body-ls,0);\">IMPORTANT<\/strong><\/span><\/p><ul style=\"text-align: left;\"><li style=\"text-align: left;\"><span style=\"color: var(--porto-body-color); letter-spacing: var(--porto-body-ls,0);\">Applicants must be university students who are citizens of any of the <strong><span style=\"color: #0000ff;\"><a style=\"color: #0000ff;\" href=\"https:\/\/au.int\/en\/member_states\/countryprofiles2\" target=\"_blank\" rel=\"noopener\">African Union countries.<\/a><\/span><\/strong><\/span><\/li><li><span style=\"color: var(--porto-body-color); letter-spacing: var(--porto-body-ls,0);\">Targeted students are university students currently pursuing a first degree or a Master\u2019s degree in Law, Human Rights, International Human Rights Law, International Law or an equivalent discipline.<\/span><\/li><\/ul><p style=\"text-align: left;\">Before submitting your application, please read Terms &amp; Conditions by clicking <strong><span style=\"color: #0000ff;\"><a style=\"color: #0000ff;\" href=\"https:\/\/africancourtcoalition.org\/terms-conditions\/\" target=\"_blank\" rel=\"noopener\">HERE<\/a><\/span><\/strong><\/p><p style=\"text-align: left;\">Students Membership Benefits are also available on<strong><span style=\"color: #003300;\"><span style=\"color: #0000ff;\"> <a style=\"color: #0000ff;\" href=\"https:\/\/africancourtcoalition.org\/join-us\/\">This Page.<\/a><\/span>\u00a0<\/span><\/strong><\/p><p style=\"text-align: left;\">By completing the application process, you are accepting all the terms and conditions provided. You should only submit your application if you have clearly read and accept them.\u00a0<\/p><p style=\"text-align: left;\"><b>Deadline for submissions of applications is 30 November 2025.\u00a0<\/b><\/p><p style=\"text-align: left;\"><b>Please fill out the required fields below and click on the \u201cSubmit\u201d button to send your application.<\/b><\/p><p style=\"text-align: center;\"><div id='ff_form_28' class='ff_form_not_render'>Form submission is now closed. Try your lack next year.<\/div><\/p><\/div>\n\t\t\t\t\t\t\t\t\t<div class=\"elementor-tab-title elementor-tab-mobile-title\" aria-selected=\"false\" data-tab=\"2\" role=\"tab\" tabindex=\"-1\" aria-controls=\"elementor-tab-content-1582\" aria-expanded=\"false\">FORMULAIRE D'ADH\u00c9SION POUR LES \u00c9TUDIANTS UNIVERSITAIRES<\/div>\n\t\t\t\t\t<div id=\"elementor-tab-content-1582\" class=\"elementor-tab-content elementor-clearfix\" data-tab=\"2\" role=\"tabpanel\" aria-labelledby=\"elementor-tab-title-1582\" tabindex=\"0\" hidden=\"hidden\"><p><span style=\"font-size: 19px;\"><strong style=\"color: var(--porto-body-color); letter-spacing: var(--porto-body-ls,0);\">IMPORTANT<\/strong><\/span><\/p><ul><li style=\"text-align: left;\">Les candidats doivent \u00eatre des \u00e9tudiants ressortissants de l&rsquo;un des <span style=\"color: #0000ff;\"><strong><a style=\"color: #0000ff;\" href=\"https:\/\/au.int\/fr\/etats_membres\/profiles\" target=\"_blank\" rel=\"noopener\">pays de l&rsquo;Union africaine.<\/a><\/strong><\/span><\/li><li style=\"text-align: left;\">Les \u00e9tudiants cibl\u00e9s sont ceux qui poursuivent actuellement un premier dipl\u00f4me ou un Master en droit, droits de l&rsquo;homme, droit international des droits de l&rsquo;homme, droit international ou une discipline \u00e9quivalente.<\/li><\/ul><p>Avant de soumettre votre demande, veuillez lire les conditions g\u00e9n\u00e9rales <span style=\"color: #0000ff;\"><span style=\"letter-spacing: var(--porto-body-ls,0);\">\u00a0<\/span><a style=\"letter-spacing: var(--porto-body-ls,0); color: #0000ff;\" href=\"https:\/\/africancourtcoalition.org\/conditions-generales\/\" target=\"_blank\" rel=\"noopener\"><strong>en CLIQUANT SUR CE LIEN<\/strong><\/a><\/span><\/p><p>Les avantages li\u00e9s \u00e0 l&rsquo;adh\u00e9sion des \u00e9tudiants sont \u00e9galement disponibles sur <span style=\"color: #0000ff;\"><strong><a style=\"color: #0000ff;\" href=\"https:\/\/africancourtcoalition.org\/join-us\/\">cette page.\u00a0<\/a><\/strong><\/span><\/p><p>En compl\u00e9tant le processus de candidature, vous acceptez toutes les conditions g\u00e9n\u00e9rales fournies. Vous ne devez soumettre votre candidature que sous r\u00e9serve de les avoir clairement lues et accept\u00e9es.\u00a0<\/p><p><b>Veuillez remplir les cases ci-dessous et cliquer sur le bouton \u00ab\u00a0Soumettre\u00a0\u00bb pour envoyer votre d<span class=\"selectable-text copyable-text\">emande d\u2019adh\u00e9sion<\/span>.<\/b><\/p><p><strong><span class=\"selectable-text copyable-text\">La date limite pour la demande d\u2019adh\u00e9sion est fix\u00e9e au 30 Novembre 2025.<\/span><\/strong><\/p><p style=\"text-align: center;\"><div id='ff_form_31' class='ff_form_not_render'>La soumission de formulaire est maintenant ferm\u00e9e. Essayez votre chance l&rsquo;ann\u00e9e prochaine<\/div><\/p><\/div>\n\t\t\t\t\t\t\t<\/div>\n\t\t<\/div>\n\t\t\t\t<\/div>\n\t\t\t\t<\/div>\n\t\t\t\t\t<\/div>\r\n\t\t\t\t<\/div>\r\n\t\t\t\t\t<\/div>\r\n\t\t\t\t<\/section>\r\n\t\t\t\t<\/div>\n\t\t","protected":false},"excerpt":{"rendered":"<p>UNIVERSITY STUDENTS MEMBERSHIP FORM FORMULAIRE D&rsquo;ADH\u00c9SION POUR LES \u00c9TUDIANTS UNIVERSITAIRES UNIVERSITY STUDENTS MEMBERSHIP FORM IMPORTANT Applicants must be university students who are citizens of any of the African Union countries. Targeted students are university students currently pursuing a first degree or a Master\u2019s degree in Law, Human Rights, International Human Rights Law, International Law or [&hellip;]<\/p>\n","protected":false},"author":2,"featured_media":0,"parent":0,"menu_order":0,"comment_status":"closed","ping_status":"closed","template":"","meta":{"footnotes":""},"class_list":["post-7933","page","type-page","status-publish","hentry"],"_links":{"self":[{"href":"https:\/\/africancourtcoalition.org\/fr\/wp-json\/wp\/v2\/pages\/7933","targetHints":{"allow":["GET"]}}],"collection":[{"href":"https:\/\/africancourtcoalition.org\/fr\/wp-json\/wp\/v2\/pages"}],"about":[{"href":"https:\/\/africancourtcoalition.org\/fr\/wp-json\/wp\/v2\/types\/page"}],"author":[{"embeddable":true,"href":"https:\/\/africancourtcoalition.org\/fr\/wp-json\/wp\/v2\/users\/2"}],"replies":[{"embeddable":true,"href":"https:\/\/africancourtcoalition.org\/fr\/wp-json\/wp\/v2\/comments?post=7933"}],"version-history":[{"count":107,"href":"https:\/\/africancourtcoalition.org\/fr\/wp-json\/wp\/v2\/pages\/7933\/revisions"}],"predecessor-version":[{"id":9621,"href":"https:\/\/africancourtcoalition.org\/fr\/wp-json\/wp\/v2\/pages\/7933\/revisions\/9621"}],"wp:attachment":[{"href":"https:\/\/africancourtcoalition.org\/fr\/wp-json\/wp\/v2\/media?parent=7933"}],"curies":[{"name":"wp","href":"https:\/\/api.w.org\/{rel}","templated":true}]}}