{"id":8378,"date":"2024-10-16T14:36:14","date_gmt":"2024-10-16T11:36:14","guid":{"rendered":"https:\/\/africancourtcoalition.org\/?page_id=8378"},"modified":"2024-10-21T16:42:52","modified_gmt":"2024-10-21T13:42:52","slug":"conditions-generales","status":"publish","type":"page","link":"https:\/\/africancourtcoalition.org\/fr\/conditions-generales\/","title":{"rendered":"Conditions G\u00e9n\u00e9rales"},"content":{"rendered":"\t\t<div data-elementor-type=\"wp-page\" data-elementor-id=\"8378\" class=\"elementor elementor-8378\" data-elementor-post-type=\"page\">\n\t\t\t\t\t\t<section class=\"elementor-section elementor-top-section elementor-element elementor-element-6ca16b6a elementor-section-boxed elementor-section-height-default elementor-section-height-default\" data-id=\"6ca16b6a\" data-element_type=\"section\">\r\n\t\t\r\n\t\t\t\t\t\t\t<div class=\"elementor-container elementor-column-gap-default\">\r\n\t\t\t\t\t\t\t\t\t\t\t<div class=\"elementor-column elementor-col-100 elementor-top-column elementor-element elementor-element-503479a7\" data-id=\"503479a7\" data-element_type=\"column\">\r\n\t\t\t\t\t<div class=\"elementor-widget-wrap elementor-element-populated\">\r\n\t\t\t\t\t\t\t\t<div class=\"elementor-element elementor-element-4dd42d3f elementor-widget elementor-widget-text-editor\" data-id=\"4dd42d3f\" data-element_type=\"widget\" data-widget_type=\"text-editor.default\">\n\t\t\t\t<div class=\"elementor-widget-container\">\n\t\t\t\t\t\t\t<p><!-- wp:heading --><\/p>\n<h3 style=\"text-align: justify;\"><span style=\"color: #008000;\">Conditions G\u00e9n\u00e9rales de Membre \u00c9tudiant<\/span><\/h3>\n<p style=\"text-align: justify;\">Dans le cadre de ses efforts visant \u00e0 renforcer l&rsquo;int\u00e9r\u00eat des jeunes g\u00e9n\u00e9rations et \u00e0 am\u00e9liorer leurs connaissances des syst\u00e8mes africains des droits de l&rsquo;homme et en particulier de la Cour africaine des droits de l&rsquo;homme et des peuples, la Coalition pour la Cour africaine offre une adh\u00e9sion GRATUITE aux \u00e9tudiants, la priorit\u00e9 \u00e9tant donn\u00e9e aux \u00e9tudiants des <span style=\"color: #0000ff;\"><a style=\"color: #0000ff;\" href=\"https:\/\/au.int\/en\/member_states\/countryprofiles2\" target=\"_blank\" rel=\"noopener\">pays de l\u2019Union africaine.<\/a><\/span><br \/>Les conditions g\u00e9n\u00e9rales suivantes s&rsquo;appliquent aux \u00e9tudiants int\u00e9ress\u00e9s par une demande d&rsquo;adh\u00e9sion \u00e0 la Coalition pour la Cour Africaine.<\/p>\n<p style=\"text-align: justify;\"><strong><span style=\"color: #008000;\">CONDITIONS GENERALES<\/span><\/strong><\/p>\n<p style=\"text-align: justify;\">1. Un \u00e9tudiant est une personne inscrite dans une universit\u00e9 reconnue et qui suit un parcours de licence ou de Master en droit, droits humains, droit international, ou toute discipline \u00e9quivalente.<\/p>\n<p style=\"text-align: justify;\">2. Les candidats doivent \u00eatre des \u00e9tudiants universitaires ressortissants de l&rsquo;un des <span style=\"color: #0000ff;\"><a style=\"color: #0000ff;\" href=\"https:\/\/au.int\/en\/member_states\/countryprofiles2\" target=\"_blank\" rel=\"noopener\">pays de l&rsquo;Union africaine.<\/a><\/span><\/p>\n<p style=\"text-align: justify;\">3. Les \u00e9tudiants doivent faire la demande d\u2019\u00ab adh\u00e9sion pour \u00e9tudiants \u00bb sur notre site web via le lien <a href=\"https:\/\/africancourtcoalition.org\/university-students-membership\/\"><span style=\"color: #0000ff;\">https:\/\/africancourtcoalition.org\/university-students-membership\/<\/span><\/a><\/p>\n<p style=\"text-align: justify;\">4. Les demandes d&rsquo;adh\u00e9sion des \u00e9tudiants ne sont ouvertes qu&rsquo;une fois par an, au mois d&rsquo;octobre, et leur approbation est limit\u00e9e \u00e0 un certain nombre chaque ann\u00e9e.<\/p>\n<p style=\"text-align: justify;\">5. Vous recevrez une r\u00e9ponse indiquant si votre demande d&rsquo;adh\u00e9sion a \u00e9t\u00e9 accept\u00e9e ou non environ 30 jours apr\u00e8s l&rsquo;envoi de votre demande.<\/p>\n<p style=\"text-align: justify;\">6. La dur\u00e9e de l&rsquo;adh\u00e9sion de l\u2019\u00e9tudiant s&rsquo;\u00e9tend sur toute la dur\u00e9e de l&rsquo;inscription \u00e0 l&rsquo;universit\u00e9 et s&rsquo;ach\u00e8ve un an apr\u00e8s l&rsquo;obtention du dipl\u00f4me. Cela permet de b\u00e9n\u00e9ficier d&rsquo;une ann\u00e9e suppl\u00e9mentaire d&rsquo;adh\u00e9sion gratuite apr\u00e8s l&rsquo;obtention du dipl\u00f4me.<\/p>\n<p style=\"text-align: justify;\">7. Pour \u00eatre \u00e9ligible \u00e0 une adh\u00e9sion en tant qu&rsquo;\u00e9tudiant, vous devez confirmer que vous suivez des \u00e9tudes \u00e0 temps plein ou \u00e0 temps partiel. Vous devez \u00eatre en mesure de fournir une preuve de votre statut d&rsquo;\u00e9tudiant en joignant une carte d&rsquo;\u00e9tudiant lors de l&rsquo;envoi de votre demande. Nous nous r\u00e9servons le droit d&rsquo;authentifier votre statut \u00e0 tout moment par des contr\u00f4les ponctuels d&rsquo;identit\u00e9. Nous nous r\u00e9servons \u00e9galement le droit d&rsquo;annuler votre adh\u00e9sion avec effet imm\u00e9diat s&rsquo;il est av\u00e9r\u00e9 que votre carte d&rsquo;\u00e9tudiant n&rsquo;est pas valide ou si vous avez fourni de fausses informations.<br \/>8. La Coalition cr\u00e9era de temps \u00e0 autre des programmes sp\u00e9ciaux pour renforcer l&rsquo;engagement des \u00e9tudiants dans le syst\u00e8me africain des droits humains pour lesquels les membres \u00e9tudiants d\u00e9j\u00e0 approuv\u00e9s devront demander et obtenir l&rsquo;autorisation de participer.<\/p>\n<p style=\"text-align: justify;\">9. L&rsquo;adh\u00e9sion en tant qu&rsquo;\u00e9tudiant n&rsquo;est pas un stage et ne doit pas cr\u00e9er d&rsquo;attentes d&#8217;emploi futur avec la Coalition pour la Cour Africaine. Si vous souhaitez postuler pour un stage, veuillez consulter la <span style=\"color: #0000ff;\"><a style=\"color: #0000ff;\" href=\"https:\/\/africancourtcoalition.org\/african-court-coalition-internship-programme\/\">page web r\u00e9serv\u00e9e \u00e0 notre programme de stages<\/a><\/span> pour en savoir plus.<\/p>\n<p style=\"text-align: justify;\">10. Vous serez inform\u00e9 de l&rsquo;expiration de votre adh\u00e9sion pour \u00e9tudiant trois mois \u00e0 l&rsquo;avance. Si vous souhaitez maintenir votre statut d\u2019adh\u00e9rant en tant que membre payant apr\u00e8s l&rsquo;expiration de votre adh\u00e9sion en tant qu&rsquo;\u00e9tudiant, vous devez nous \u00e9crire par courrier \u00e9lectronique \u00e0 l&rsquo;adresse <span style=\"color: #0000ff;\"><a style=\"color: #0000ff;\" href=\"mailto:info@africancourtcoalition.org\">info@africancourtcoalition.org<\/a><\/span><\/p>\n<p style=\"text-align: justify;\">11. Si vous souhaitez annuler votre adh\u00e9sion d&rsquo;\u00e9tudiant \u00e0 tout moment, vous devez nous \u00e9crire par courrier \u00e9lectronique \u00e0 l&rsquo;adresse <span style=\"color: #0000ff;\"><a style=\"color: #0000ff;\" href=\"mailto:info@africancourtcoalition.org\">info@africancourtcoalition.org<\/a><\/span><\/p>\n<p style=\"text-align: justify;\">12. Nous nous r\u00e9servons le droit d&rsquo;apporter \u00e0 tout moment des modifications raisonnables aux conditions g\u00e9n\u00e9rales d&rsquo;adh\u00e9sion des \u00e9tudiants et nous prendrons des mesures raisonnables pour envoyer des notifications par courrier \u00e9lectronique. Il est de votre responsabilit\u00e9 de v\u00e9rifier votre courrier \u00e9lectronique \u00e0 intervalles r\u00e9guliers pour prendre connaissance des modifications apport\u00e9es.<\/p>\n<p style=\"text-align: justify;\">13. Nous vous recommandons d&rsquo;imprimer une copie des pr\u00e9sentes conditions g\u00e9n\u00e9rales pour vos archives et r\u00e9f\u00e9rences ult\u00e9rieures.<\/p>\n<p><!-- \/wp:heading --><\/p>\t\t\t\t\t\t<\/div>\n\t\t\t\t<\/div>\n\t\t\t\t\t<\/div>\r\n\t\t\t\t<\/div>\r\n\t\t\t\t\t<\/div>\r\n\t\t\t\t<\/section>\r\n\t\t\t\t<\/div>\n\t\t","protected":false},"excerpt":{"rendered":"<p>Conditions G\u00e9n\u00e9rales de Membre \u00c9tudiant Dans le cadre de ses efforts visant \u00e0 renforcer l&rsquo;int\u00e9r\u00eat des jeunes g\u00e9n\u00e9rations et \u00e0 am\u00e9liorer leurs connaissances des syst\u00e8mes africains des droits de l&rsquo;homme et en particulier de la Cour africaine des droits de l&rsquo;homme et des peuples, la Coalition pour la Cour africaine offre une adh\u00e9sion GRATUITE aux [&hellip;]<\/p>\n","protected":false},"author":2,"featured_media":0,"parent":0,"menu_order":0,"comment_status":"closed","ping_status":"closed","template":"","meta":{"footnotes":""},"class_list":["post-8378","page","type-page","status-publish","hentry"],"_links":{"self":[{"href":"https:\/\/africancourtcoalition.org\/fr\/wp-json\/wp\/v2\/pages\/8378","targetHints":{"allow":["GET"]}}],"collection":[{"href":"https:\/\/africancourtcoalition.org\/fr\/wp-json\/wp\/v2\/pages"}],"about":[{"href":"https:\/\/africancourtcoalition.org\/fr\/wp-json\/wp\/v2\/types\/page"}],"author":[{"embeddable":true,"href":"https:\/\/africancourtcoalition.org\/fr\/wp-json\/wp\/v2\/users\/2"}],"replies":[{"embeddable":true,"href":"https:\/\/africancourtcoalition.org\/fr\/wp-json\/wp\/v2\/comments?post=8378"}],"version-history":[{"count":15,"href":"https:\/\/africancourtcoalition.org\/fr\/wp-json\/wp\/v2\/pages\/8378\/revisions"}],"predecessor-version":[{"id":8523,"href":"https:\/\/africancourtcoalition.org\/fr\/wp-json\/wp\/v2\/pages\/8378\/revisions\/8523"}],"wp:attachment":[{"href":"https:\/\/africancourtcoalition.org\/fr\/wp-json\/wp\/v2\/media?parent=8378"}],"curies":[{"name":"wp","href":"https:\/\/api.w.org\/{rel}","templated":true}]}}