{"id":8380,"date":"2024-10-16T14:42:08","date_gmt":"2024-10-16T11:42:08","guid":{"rendered":"https:\/\/africancourtcoalition.org\/?page_id=8380"},"modified":"2024-10-16T14:58:15","modified_gmt":"2024-10-16T11:58:15","slug":"confidentialite-des-donnees","status":"publish","type":"page","link":"https:\/\/africancourtcoalition.org\/fr\/confidentialite-des-donnees\/","title":{"rendered":"Confidentialit\u00e9 des Donn\u00e9es"},"content":{"rendered":"\t\t<div data-elementor-type=\"wp-page\" data-elementor-id=\"8380\" class=\"elementor elementor-8380\" data-elementor-post-type=\"page\">\n\t\t\t\t\t\t<section class=\"elementor-section elementor-top-section elementor-element elementor-element-6ca16b6a elementor-section-boxed elementor-section-height-default elementor-section-height-default\" data-id=\"6ca16b6a\" data-element_type=\"section\">\r\n\t\t\r\n\t\t\t\t\t\t\t<div class=\"elementor-container elementor-column-gap-default\">\r\n\t\t\t\t\t\t\t\t\t\t\t<div class=\"elementor-column elementor-col-100 elementor-top-column elementor-element elementor-element-503479a7\" data-id=\"503479a7\" data-element_type=\"column\">\r\n\t\t\t\t\t<div class=\"elementor-widget-wrap elementor-element-populated\">\r\n\t\t\t\t\t\t\t\t<div class=\"elementor-element elementor-element-4dd42d3f elementor-widget elementor-widget-text-editor\" data-id=\"4dd42d3f\" data-element_type=\"widget\" data-widget_type=\"text-editor.default\">\n\t\t\t\t<div class=\"elementor-widget-container\">\n\t\t\t\t\t\t\t<p><!-- wp:heading --><\/p>\n<h3><strong><span style=\"color: #008000;\">D\u00e9claration de Politique de Confidentialit\u00e9 pour la Demande d&rsquo;Adh\u00e9sion Universitaire<\/span><\/strong><\/h3>\n<p><strong><span style=\"color: #008000;\">Confidentialit\u00e9 des Donn\u00e9es <\/span><\/strong><\/p>\n<p>Les candidats qui envoient une demande d&rsquo;adh\u00e9sion doivent fournir les donn\u00e9es personnelles dont nous avons besoin pour traiter la demande d&rsquo;adh\u00e9sion. Les informations obligatoires sont signal\u00e9es par un ast\u00e9risque.<\/p>\n<p>Les donn\u00e9es que vous fournissez sont conserv\u00e9es dans le but de traiter votre demande d&rsquo;adh\u00e9sion. Nous conservons \u00e9galement les donn\u00e9es (en particulier le nom et les coordonn\u00e9es) afin de communiquer avec vous en vous envoyant des commentaires, des informations sur les \u00e9v\u00e9nements \u00e0 venir et en vous fournissant des mises \u00e0 jour r\u00e9guli\u00e8res et d&rsquo;autres informations int\u00e9ressantes et importantes.<\/p>\n<p>Nous pouvons partager vos coordonn\u00e9es (en particulier votre adresse \u00e9lectronique) avec des tiers partenaires de la coalition, mais uniquement \u00e0 des fins pertinentes pour le travail de la coalition.<\/p>\n<p>En soumettant vos informations personnelles, vous acceptez librement la collecte, l&rsquo;utilisation et le traitement de vos donn\u00e9es par la Coalition dans le cadre du processus de candidature ainsi qu&rsquo;\u00e0 des fins de communication en rapport avec le travail de la Coalition.<\/p>\n<p><!-- \/wp:heading --><\/p>\t\t\t\t\t\t<\/div>\n\t\t\t\t<\/div>\n\t\t\t\t\t<\/div>\r\n\t\t\t\t<\/div>\r\n\t\t\t\t\t<\/div>\r\n\t\t\t\t<\/section>\r\n\t\t\t\t<\/div>\n\t\t","protected":false},"excerpt":{"rendered":"<p>D\u00e9claration de Politique de Confidentialit\u00e9 pour la Demande d&rsquo;Adh\u00e9sion Universitaire Confidentialit\u00e9 des Donn\u00e9es Les candidats qui envoient une demande d&rsquo;adh\u00e9sion doivent fournir les donn\u00e9es personnelles dont nous avons besoin pour traiter la demande d&rsquo;adh\u00e9sion. Les informations obligatoires sont signal\u00e9es par un ast\u00e9risque. Les donn\u00e9es que vous fournissez sont conserv\u00e9es dans le but de traiter votre [&hellip;]<\/p>\n","protected":false},"author":2,"featured_media":0,"parent":0,"menu_order":0,"comment_status":"closed","ping_status":"closed","template":"","meta":{"footnotes":""},"class_list":["post-8380","page","type-page","status-publish","hentry"],"_links":{"self":[{"href":"https:\/\/africancourtcoalition.org\/fr\/wp-json\/wp\/v2\/pages\/8380","targetHints":{"allow":["GET"]}}],"collection":[{"href":"https:\/\/africancourtcoalition.org\/fr\/wp-json\/wp\/v2\/pages"}],"about":[{"href":"https:\/\/africancourtcoalition.org\/fr\/wp-json\/wp\/v2\/types\/page"}],"author":[{"embeddable":true,"href":"https:\/\/africancourtcoalition.org\/fr\/wp-json\/wp\/v2\/users\/2"}],"replies":[{"embeddable":true,"href":"https:\/\/africancourtcoalition.org\/fr\/wp-json\/wp\/v2\/comments?post=8380"}],"version-history":[{"count":7,"href":"https:\/\/africancourtcoalition.org\/fr\/wp-json\/wp\/v2\/pages\/8380\/revisions"}],"predecessor-version":[{"id":8396,"href":"https:\/\/africancourtcoalition.org\/fr\/wp-json\/wp\/v2\/pages\/8380\/revisions\/8396"}],"wp:attachment":[{"href":"https:\/\/africancourtcoalition.org\/fr\/wp-json\/wp\/v2\/media?parent=8380"}],"curies":[{"name":"wp","href":"https:\/\/api.w.org\/{rel}","templated":true}]}}