{"id":8804,"date":"2024-11-29T15:54:07","date_gmt":"2024-11-29T12:54:07","guid":{"rendered":"https:\/\/africancourtcoalition.org\/?page_id=8804"},"modified":"2024-11-29T15:55:42","modified_gmt":"2024-11-29T12:55:42","slug":"formulario-de-confirmacao-de-participacao","status":"publish","type":"page","link":"https:\/\/africancourtcoalition.org\/fr\/formulario-de-confirmacao-de-participacao\/","title":{"rendered":"FORMUL\u00c1RIO DE CONFIRMA\u00c7\u00c3O DE PARTICIPA\u00c7\u00c3O"},"content":{"rendered":"\t\t<div data-elementor-type=\"wp-page\" data-elementor-id=\"8804\" class=\"elementor elementor-8804\" data-elementor-post-type=\"page\">\n\t\t\t\t\t\t<section class=\"elementor-section elementor-top-section elementor-element elementor-element-e2b7d15 elementor-section-boxed elementor-section-height-default elementor-section-height-default\" data-id=\"e2b7d15\" data-element_type=\"section\">\r\n\t\t\r\n\t\t\t\t\t\t\t<div class=\"elementor-container elementor-column-gap-default\">\r\n\t\t\t\t\t\t\t\t\t\t\t<div class=\"elementor-column elementor-col-100 elementor-top-column elementor-element elementor-element-68e360d\" data-id=\"68e360d\" data-element_type=\"column\" data-settings=\"{&quot;background_background&quot;:&quot;classic&quot;}\">\r\n\t\t\t\t\t<div class=\"elementor-widget-wrap elementor-element-populated\">\r\n\t\t\t\t\t\t\t\t<div class=\"elementor-element elementor-element-5f1ad7e fluentform-widget-submit-button-center fluent-form-widget-step-header-yes fluent-form-widget-step-progressbar-yes fluentform-widget-submit-button-custom elementor-widget elementor-widget-fluent-form-widget\" data-id=\"5f1ad7e\" data-element_type=\"widget\" data-widget_type=\"fluent-form-widget.default\">\n\t\t\t\t<div class=\"elementor-widget-container\">\n\t\t\t\n            <div class=\"fluentform-widget-wrapper fluentform-widget-align-center\">\n\n            \n            <div id='ff_form_39' class='ff_form_not_render'>Form submission is now closed. Try your lack next year.<\/div>            <\/div>\n\n            \t\t<\/div>\n\t\t\t\t<\/div>\n\t\t\t\t\t<\/div>\r\n\t\t\t\t<\/div>\r\n\t\t\t\t\t<\/div>\r\n\t\t\t\t<\/section>\r\n\t\t\t\t<\/div>\n\t\t","protected":false},"excerpt":{"rendered":"<p>FORMUL\u00c1RIO DE CONFIRMA\u00c7\u00c3O DE PARTICIPA\u00c7\u00c3O &#916; Plataforma das Partes Interessadas da Coliga\u00e7\u00e3o para o Tribunal Africano 30 de Janeiro de 2025 &#8211; 3 de Fevereiro de 2025 NomeSobrenomeNome da Organiza\u00e7\u00e3o\/Institui\u00e7\u00e3oParticipa\u00e7\u00e3o Individual assinale aqui Sim N\u00e3oPa\u00eds de PartidaSelect CountryAlgeriaAngolaBeninBotswanaBurkina FasoBurundiCameroonCape VerdeCentral African RepublicChadComorosDemocratic Republic of the Congo (Kinshasa)DjiboutiEgyptEquatorial GuineaEritreaEthiopiaGabonGambiaGhanaGuineaGuinea-BissauIvory CoastKenyaLesothoLiberiaLibyaMadagascarMalawiMaliMauritaniaMauritiusMoroccoMozambiqueNamibiaNigerNigeriaRepublic of the Congo (Brazzaville)RwandaSao Tome and [&hellip;]<\/p>\n","protected":false},"author":2,"featured_media":0,"parent":0,"menu_order":0,"comment_status":"closed","ping_status":"closed","template":"","meta":{"footnotes":""},"class_list":["post-8804","page","type-page","status-publish","hentry"],"_links":{"self":[{"href":"https:\/\/africancourtcoalition.org\/fr\/wp-json\/wp\/v2\/pages\/8804","targetHints":{"allow":["GET"]}}],"collection":[{"href":"https:\/\/africancourtcoalition.org\/fr\/wp-json\/wp\/v2\/pages"}],"about":[{"href":"https:\/\/africancourtcoalition.org\/fr\/wp-json\/wp\/v2\/types\/page"}],"author":[{"embeddable":true,"href":"https:\/\/africancourtcoalition.org\/fr\/wp-json\/wp\/v2\/users\/2"}],"replies":[{"embeddable":true,"href":"https:\/\/africancourtcoalition.org\/fr\/wp-json\/wp\/v2\/comments?post=8804"}],"version-history":[{"count":4,"href":"https:\/\/africancourtcoalition.org\/fr\/wp-json\/wp\/v2\/pages\/8804\/revisions"}],"predecessor-version":[{"id":8808,"href":"https:\/\/africancourtcoalition.org\/fr\/wp-json\/wp\/v2\/pages\/8804\/revisions\/8808"}],"wp:attachment":[{"href":"https:\/\/africancourtcoalition.org\/fr\/wp-json\/wp\/v2\/media?parent=8804"}],"curies":[{"name":"wp","href":"https:\/\/api.w.org\/{rel}","templated":true}]}}