{"id":8830,"date":"2024-12-12T18:16:50","date_gmt":"2024-12-12T15:16:50","guid":{"rendered":"https:\/\/africancourtcoalition.org\/?page_id=8830"},"modified":"2024-12-13T11:35:29","modified_gmt":"2024-12-13T08:35:29","slug":"formulario-de-cadastro-na-plataforma-de-stakeholders","status":"publish","type":"page","link":"https:\/\/africancourtcoalition.org\/fr\/formulario-de-cadastro-na-plataforma-de-stakeholders\/","title":{"rendered":"Formul\u00e1rio De Cadastro Na Plataforma De Stakeholders"},"content":{"rendered":"\t\t<div data-elementor-type=\"wp-page\" data-elementor-id=\"8830\" class=\"elementor elementor-8830\" data-elementor-post-type=\"page\">\n\t\t\t\t\t\t<section class=\"elementor-section elementor-top-section elementor-element elementor-element-e2b7d15 elementor-section-boxed elementor-section-height-default elementor-section-height-default\" data-id=\"e2b7d15\" data-element_type=\"section\">\r\n\t\t\r\n\t\t\t\t\t\t\t<div class=\"elementor-container elementor-column-gap-default\">\r\n\t\t\t\t\t\t\t\t\t\t\t<div class=\"elementor-column elementor-col-100 elementor-top-column elementor-element elementor-element-68e360d\" data-id=\"68e360d\" data-element_type=\"column\" data-settings=\"{&quot;background_background&quot;:&quot;classic&quot;}\">\r\n\t\t\t\t\t<div class=\"elementor-widget-wrap elementor-element-populated\">\r\n\t\t\t\t\t\t\t\t<div class=\"elementor-element elementor-element-8b4f5e0 fluentform-widget-submit-button-center fluent-form-widget-step-header-yes fluent-form-widget-step-progressbar-yes fluentform-widget-submit-button-custom elementor-widget elementor-widget-fluent-form-widget\" data-id=\"8b4f5e0\" data-element_type=\"widget\" data-widget_type=\"fluent-form-widget.default\">\n\t\t\t\t<div class=\"elementor-widget-container\">\n\t\t\t\n            <div class=\"fluentform-widget-wrapper fluentform-widget-align-center\">\n\n                            <div class=\"fluentform-widget-heading\">\n                                        <h3 class=\"fluentform-widget-title\">\n                        Obrigado pelo seu interesse em participar na Plataforma das Partes Interessadas da Coliga\u00e7\u00e3o dos Tribunais Africanos!                    <\/h3>\n                                                            <p class=\"fluentform-widget-description\">\n                        Preencha as informa\u00e7\u00f5es abaixo para nos ajudar a tornar sua participa\u00e7\u00e3o interessante                    <\/p>\n                                    <\/div>\n            \n            <div id='ff_form_41' class='ff_form_not_render'>Form submission is now closed.<\/div>            <\/div>\n\n            \t\t<\/div>\n\t\t\t\t<\/div>\n\t\t\t\t\t<\/div>\r\n\t\t\t\t<\/div>\r\n\t\t\t\t\t<\/div>\r\n\t\t\t\t<\/section>\r\n\t\t\t\t<\/div>\n\t\t","protected":false},"excerpt":{"rendered":"<p>Obrigado pelo seu interesse em participar na Plataforma das Partes Interessadas da Coliga\u00e7\u00e3o dos Tribunais Africanos! Preencha as informa\u00e7\u00f5es abaixo para nos ajudar a tornar sua participa\u00e7\u00e3o interessante PT_Event Registration Form (#40) (#41) &#916; Nome completoNome da organiza\u00e7\u00e3o\/institui\u00e7\u00e3o&#8211; Por favor selecione &#8211;State actorsNational Human Rights InstitutionsCivil Society OrganisationsLegal practitioners and law societiesThe academiaThe African CourtThe [&hellip;]<\/p>\n","protected":false},"author":2,"featured_media":0,"parent":0,"menu_order":0,"comment_status":"closed","ping_status":"closed","template":"","meta":{"footnotes":""},"class_list":["post-8830","page","type-page","status-publish","hentry"],"_links":{"self":[{"href":"https:\/\/africancourtcoalition.org\/fr\/wp-json\/wp\/v2\/pages\/8830","targetHints":{"allow":["GET"]}}],"collection":[{"href":"https:\/\/africancourtcoalition.org\/fr\/wp-json\/wp\/v2\/pages"}],"about":[{"href":"https:\/\/africancourtcoalition.org\/fr\/wp-json\/wp\/v2\/types\/page"}],"author":[{"embeddable":true,"href":"https:\/\/africancourtcoalition.org\/fr\/wp-json\/wp\/v2\/users\/2"}],"replies":[{"embeddable":true,"href":"https:\/\/africancourtcoalition.org\/fr\/wp-json\/wp\/v2\/comments?post=8830"}],"version-history":[{"count":5,"href":"https:\/\/africancourtcoalition.org\/fr\/wp-json\/wp\/v2\/pages\/8830\/revisions"}],"predecessor-version":[{"id":8839,"href":"https:\/\/africancourtcoalition.org\/fr\/wp-json\/wp\/v2\/pages\/8830\/revisions\/8839"}],"wp:attachment":[{"href":"https:\/\/africancourtcoalition.org\/fr\/wp-json\/wp\/v2\/media?parent=8830"}],"curies":[{"name":"wp","href":"https:\/\/api.w.org\/{rel}","templated":true}]}}