{"id":203,"date":"2016-06-20T08:59:34","date_gmt":"2016-06-20T08:59:34","guid":{"rendered":"http:\/\/sw-themes.com\/porto_dummy\/?page_id=203"},"modified":"2021-08-08T00:12:13","modified_gmt":"2021-08-07T21:12:13","slug":"site-map","status":"publish","type":"page","link":"https:\/\/africancourtcoalition.org\/pt\/site-map\/","title":{"rendered":"Site Map"},"content":{"rendered":"\t\t<div data-elementor-type=\"wp-page\" data-elementor-id=\"203\" class=\"elementor elementor-203\" data-elementor-post-type=\"page\">\n\t\t\t\t\t\t<section class=\"elementor-section elementor-top-section elementor-element elementor-element-177a072 m-t-n elementor-section-boxed elementor-section-height-default elementor-section-height-default\" data-id=\"177a072\" data-element_type=\"section\">\r\n\t\t\r\n\t\t\t\t\t\t\t<div class=\"elementor-container elementor-column-gap-default\">\r\n\t\t\t\t\t\t\t\t\t\t\t<div class=\"elementor-column elementor-col-100 elementor-top-column elementor-element elementor-element-8996c55\" data-id=\"8996c55\" data-element_type=\"column\">\r\n\t\t\t\t\t<div class=\"elementor-widget-wrap elementor-element-populated\">\r\n\t\t\t\t\t\t\t\t<div class=\"elementor-element elementor-element-54e1b2c elementor-widget elementor-widget-shortcode\" data-id=\"54e1b2c\" data-element_type=\"widget\" data-widget_type=\"shortcode.default\">\n\t\t\t\t<div class=\"elementor-widget-container\">\n\t\t\t\t\t<div class=\"elementor-shortcode\"><div class=\"wsp-container\"><h2 class=\"wsp-pages-title\">Pages<\/h2>\n<ul class=\"wsp-pages-list\">\n<li class=\"page_item page-item-8613\"><a href=\"https:\/\/africancourtcoalition.org\/pt\/acc-stakeholders-platform\/\">ACC Stakeholders&#8217; Platform<\/a><\/li>\n<li class=\"page_item page-item-9111\"><a href=\"https:\/\/africancourtcoalition.org\/pt\/participation-confirmation-form-stakeholders-networking-event\/\">Participation Confirmation Form Stakeholders\u2019 Networking Event<\/a><\/li>\n<li class=\"page_item page-item-3\"><a href=\"https:\/\/africancourtcoalition.org\/pt\/privacy-policy\/\">Privacy Policy<\/a><\/li>\n<li class=\"page_item page-item-8653\"><a href=\"https:\/\/africancourtcoalition.org\/pt\/event-registration-form\/\">Stakeholders Platform Registration Form<\/a><\/li>\n<li class=\"page_item page-item-70\"><a href=\"https:\/\/africancourtcoalition.org\/pt\/about-the-african-court\/\">About the African Court<\/a><\/li>\n<li class=\"page_item page-item-55\"><a href=\"https:\/\/africancourtcoalition.org\/pt\/about-us\/\">About Us<\/a><\/li>\n<li class=\"page_item page-item-4739\"><a href=\"https:\/\/africancourtcoalition.org\/pt\/access\/\">Access<\/a><\/li>\n<li class=\"page_item page-item-6078\"><a href=\"https:\/\/africancourtcoalition.org\/pt\/account\/\">Account<\/a><\/li>\n<li class=\"page_item page-item-6093\"><a href=\"https:\/\/africancourtcoalition.org\/pt\/activity\/\">Activity<\/a><\/li>\n<li class=\"page_item page-item-67\"><a href=\"https:\/\/africancourtcoalition.org\/pt\/advocacy\/\">Advocacy<\/a><\/li>\n<li class=\"page_item page-item-1234\"><a href=\"https:\/\/africancourtcoalition.org\/pt\/afchpr-judges\/\">AfCHPR Judges<\/a><\/li>\n<li class=\"page_item page-item-9120\"><a href=\"https:\/\/africancourtcoalition.org\/pt\/african-court-coalition-stakeholders-platform-evaluation-questionnaire\/\">African Court Coalition Stakeholders&#8217; Platform Evaluation Questionnaire<\/a><\/li>\n<li class=\"page_item page-item-1658\"><a href=\"https:\/\/africancourtcoalition.org\/pt\/african-court-composition\/\">African Court Composition<\/a><\/li>\n<li class=\"page_item page-item-58\"><a href=\"https:\/\/africancourtcoalition.org\/pt\/background-structure\/\">Background &#038; Structure<\/a><\/li>\n<li class=\"page_item page-item-7511\"><a href=\"https:\/\/africancourtcoalition.org\/pt\/becomeamember\/\">Become A Member<\/a><\/li>\n<li class=\"page_item page-item-144 page_item_has_children current_page_parent\"><a href=\"https:\/\/africancourtcoalition.org\/pt\/blog\/\">Blog<\/a>\n<ul class='children'>\n\t<li class=\"page_item page-item-8489\"><a href=\"https:\/\/africancourtcoalition.org\/pt\/blog\/ideation-workshop-photos\/\">Ideation Workshop Photos<\/a><\/li>\n\t<li class=\"page_item page-item-1306\"><a href=\"https:\/\/africancourtcoalition.org\/pt\/blog\/news\/\">News<\/a><\/li>\n<\/ul>\n<\/li>\n<li class=\"page_item page-item-7510\"><a href=\"https:\/\/africancourtcoalition.org\/pt\/cancel_payment\/\">Cancel Payment<\/a><\/li>\n<li class=\"page_item page-item-7507\"><a href=\"https:\/\/africancourtcoalition.org\/pt\/change_password\/\">Change Password<\/a><\/li>\n<li class=\"page_item page-item-8378\"><a href=\"https:\/\/africancourtcoalition.org\/pt\/conditions-generales\/\">Conditions G\u00e9n\u00e9rales<\/a><\/li>\n<li class=\"page_item page-item-8380\"><a href=\"https:\/\/africancourtcoalition.org\/pt\/confidentialite-des-donnees\/\">Confidentialit\u00e9 des Donn\u00e9es<\/a><\/li>\n<li class=\"page_item page-item-73\"><a href=\"https:\/\/africancourtcoalition.org\/pt\/contact-us\/\">Contact Us<\/a><\/li>\n<li class=\"page_item page-item-8359\"><a href=\"https:\/\/africancourtcoalition.org\/pt\/data-privacy\/\">DATA PRIVACY<\/a><\/li>\n<li class=\"page_item page-item-1662\"><a href=\"https:\/\/africancourtcoalition.org\/pt\/development-partners\/\">Development Partners<\/a><\/li>\n<li class=\"page_item page-item-7506\"><a href=\"https:\/\/africancourtcoalition.org\/pt\/edit_profile\/\">Edit Profile<\/a><\/li>\n<li class=\"page_item page-item-7180\"><a href=\"https:\/\/africancourtcoalition.org\/pt\/english-report\/\">ENGLISH REPORT<\/a><\/li>\n<li class=\"page_item page-item-9216\"><a href=\"https:\/\/africancourtcoalition.org\/pt\/essential-resources\/\">Essential Resources<\/a><\/li>\n<li class=\"page_item page-item-8849\"><a href=\"https:\/\/africancourtcoalition.org\/pt\/events\/\">EVENTS<\/a><\/li>\n<li class=\"page_item page-item-7971\"><a href=\"https:\/\/africancourtcoalition.org\/pt\/for-university-students-31\/\">For University Students (#31)<\/a><\/li>\n<li class=\"page_item page-item-7505\"><a href=\"https:\/\/africancourtcoalition.org\/pt\/forgot_password\/\">Forgot Password<\/a><\/li>\n<li class=\"page_item page-item-8821\"><a href=\"https:\/\/africancourtcoalition.org\/pt\/formulaire-dinscription-a-la-plateforme-des-parties-prenantes\/\">Formulaire D&#8217;inscription A La Plateforme Des Parties Prenantes<\/a><\/li>\n<li class=\"page_item page-item-8794\"><a href=\"https:\/\/africancourtcoalition.org\/pt\/formulaire-de-confirmation-de-participation\/\">FORMULAIRE DE CONFIRMATION DE PARTICIPATION<\/a><\/li>\n<li class=\"page_item page-item-8830\"><a href=\"https:\/\/africancourtcoalition.org\/pt\/formulario-de-cadastro-na-plataforma-de-stakeholders\/\">Formul\u00e1rio De Cadastro Na Plataforma De Stakeholders<\/a><\/li>\n<li class=\"page_item page-item-8804\"><a href=\"https:\/\/africancourtcoalition.org\/pt\/formulario-de-confirmacao-de-participacao\/\">FORMUL\u00c1RIO DE CONFIRMA\u00c7\u00c3O DE PARTICIPA\u00c7\u00c3O<\/a><\/li>\n<li class=\"page_item page-item-7188\"><a href=\"https:\/\/africancourtcoalition.org\/pt\/french-report\/\">FRENCH REPORT<\/a><\/li>\n<li class=\"page_item page-item-7508\"><a href=\"https:\/\/africancourtcoalition.org\/pt\/guest\/\">Guest<\/a><\/li>\n<li class=\"page_item page-item-143\"><a href=\"https:\/\/africancourtcoalition.org\/pt\/\">Home<\/a><\/li>\n<li class=\"page_item page-item-5563\"><a href=\"https:\/\/africancourtcoalition.org\/pt\/individual-membership-application\/\">Individual Membership Application<\/a><\/li>\n<li class=\"page_item page-item-7532\"><a href=\"https:\/\/africancourtcoalition.org\/pt\/join\/\">JOIN<\/a><\/li>\n<li class=\"page_item page-item-68\"><a href=\"https:\/\/africancourtcoalition.org\/pt\/join-us\/\">Join Us<\/a><\/li>\n<li class=\"page_item page-item-6617\"><a href=\"https:\/\/africancourtcoalition.org\/pt\/login-2\/\">Login<\/a><\/li>\n<li class=\"page_item page-item-6627\"><a href=\"https:\/\/africancourtcoalition.org\/pt\/login\/\">Login<\/a><\/li>\n<li class=\"page_item page-item-6077\"><a href=\"https:\/\/africancourtcoalition.org\/pt\/logout\/\">Logout<\/a><\/li>\n<li class=\"page_item page-item-7504\"><a href=\"https:\/\/africancourtcoalition.org\/pt\/memberlogin\/\">Member Login<\/a><\/li>\n<li class=\"page_item page-item-7503\"><a href=\"https:\/\/africancourtcoalition.org\/pt\/memberregistration\/\">Member Registration<\/a><\/li>\n<li class=\"page_item page-item-6076\"><a href=\"https:\/\/africancourtcoalition.org\/pt\/members\/\">Members<\/a><\/li>\n<li class=\"page_item page-item-6007\"><a href=\"https:\/\/africancourtcoalition.org\/pt\/mobile-app-checkout-page\/\">Mobile App Checkout Page<\/a><\/li>\n<li class=\"page_item page-item-6008\"><a href=\"https:\/\/africancourtcoalition.org\/pt\/mobile-app-woocommerce-thank-you\/\">Mobile App Woocommerce Thank You<\/a><\/li>\n<li class=\"page_item page-item-6088\"><a href=\"https:\/\/africancourtcoalition.org\/pt\/my-groups\/\">My Groups<\/a><\/li>\n<li class=\"page_item page-item-6089\"><a href=\"https:\/\/africancourtcoalition.org\/pt\/my-invites\/\">My Invites<\/a><\/li>\n<li class=\"page_item page-item-6090\"><a href=\"https:\/\/africancourtcoalition.org\/pt\/newsletters_unsubscribe\/\">Newsletters unsubscribe<\/a><\/li>\n<li class=\"page_item page-item-6092\"><a href=\"https:\/\/africancourtcoalition.org\/pt\/notifications\/\">Notifications<\/a><\/li>\n<li class=\"page_item page-item-5584\"><a href=\"https:\/\/africancourtcoalition.org\/pt\/organization-membership-application\/\">Organization Membership Application<\/a><\/li>\n<li class=\"page_item page-item-8778\"><a href=\"https:\/\/africancourtcoalition.org\/pt\/participation-confirmation-form\/\">Participation Confirmation Form<\/a><\/li>\n<li class=\"page_item page-item-6079\"><a href=\"https:\/\/africancourtcoalition.org\/pt\/password-reset\/\">Password Reset<\/a><\/li>\n<li class=\"page_item page-item-7953\"><a href=\"https:\/\/africancourtcoalition.org\/pt\/petition-form\/\">Petition Form<\/a><\/li>\n<li class=\"page_item page-item-7190\"><a href=\"https:\/\/africancourtcoalition.org\/pt\/portuguese-report\/\">PORTUGUESE REPORT<\/a><\/li>\n<li class=\"page_item page-item-7321\"><a href=\"https:\/\/africancourtcoalition.org\/pt\/questionnaire-english\/\">Questionnaire (English)<\/a><\/li>\n<li class=\"page_item page-item-7323\"><a href=\"https:\/\/africancourtcoalition.org\/pt\/questionnaire-french\/\">Questionnaire (French)<\/a><\/li>\n<li class=\"page_item page-item-7124\"><a href=\"https:\/\/africancourtcoalition.org\/pt\/questionnaire\/\">Questionnaire ENG<\/a><\/li>\n<li class=\"page_item page-item-7128\"><a href=\"https:\/\/africancourtcoalition.org\/pt\/questionnaire-fr\/\">Questionnaire FR<\/a><\/li>\n<li class=\"page_item page-item-7134\"><a href=\"https:\/\/africancourtcoalition.org\/pt\/questionnaire_pt\/\">Questionnaire PT<\/a><\/li>\n<li class=\"page_item page-item-8004\"><a href=\"https:\/\/africancourtcoalition.org\/pt\/ratification\/\">Ratification<\/a><\/li>\n<li class=\"page_item page-item-8016\"><a href=\"https:\/\/africancourtcoalition.org\/pt\/ratification-declaration\/\">Ratification &#038; Declaration<\/a><\/li>\n<li class=\"page_item page-item-6075\"><a href=\"https:\/\/africancourtcoalition.org\/pt\/register\/\">Register<\/a><\/li>\n<li class=\"page_item page-item-203\"><a href=\"https:\/\/africancourtcoalition.org\/pt\/site-map\/\">Site Map<\/a><\/li>\n<li class=\"page_item page-item-8274\"><a href=\"https:\/\/africancourtcoalition.org\/pt\/terms-conditions\/\">Terms &#038; Conditions<\/a><\/li>\n<li class=\"page_item page-item-7509\"><a href=\"https:\/\/africancourtcoalition.org\/pt\/thank_you\/\">Thank You<\/a><\/li>\n<li class=\"page_item page-item-7470\"><a href=\"https:\/\/africancourtcoalition.org\/pt\/the-goodwill-message-2024\/\">The Goodwill Message 2024<\/a><\/li>\n<li class=\"page_item page-item-7960\"><a href=\"https:\/\/africancourtcoalition.org\/pt\/trial-form\/\">Trial Form<\/a><\/li>\n<li class=\"page_item page-item-7933\"><a href=\"https:\/\/africancourtcoalition.org\/pt\/university-students-membership\/\">University Students Membership<\/a><\/li>\n<li class=\"page_item page-item-6073\"><a href=\"https:\/\/africancourtcoalition.org\/pt\/user\/\">User<\/a><\/li>\n<\/ul>\n<\/div><\/div>\n\t\t\t\t<\/div>\n\t\t\t\t<\/div>\n\t\t\t\t\t<\/div>\r\n\t\t\t\t<\/div>\r\n\t\t\t\t\t<\/div>\r\n\t\t\t\t<\/section>\r\n\t\t\t\t<\/div>\n\t\t","protected":false},"excerpt":{"rendered":"","protected":false},"author":2,"featured_media":0,"parent":0,"menu_order":0,"comment_status":"closed","ping_status":"closed","template":"","meta":{"footnotes":""},"class_list":["post-203","page","type-page","status-publish","hentry"],"_links":{"self":[{"href":"https:\/\/africancourtcoalition.org\/pt\/wp-json\/wp\/v2\/pages\/203","targetHints":{"allow":["GET"]}}],"collection":[{"href":"https:\/\/africancourtcoalition.org\/pt\/wp-json\/wp\/v2\/pages"}],"about":[{"href":"https:\/\/africancourtcoalition.org\/pt\/wp-json\/wp\/v2\/types\/page"}],"author":[{"embeddable":true,"href":"https:\/\/africancourtcoalition.org\/pt\/wp-json\/wp\/v2\/users\/2"}],"replies":[{"embeddable":true,"href":"https:\/\/africancourtcoalition.org\/pt\/wp-json\/wp\/v2\/comments?post=203"}],"version-history":[{"count":0,"href":"https:\/\/africancourtcoalition.org\/pt\/wp-json\/wp\/v2\/pages\/203\/revisions"}],"wp:attachment":[{"href":"https:\/\/africancourtcoalition.org\/pt\/wp-json\/wp\/v2\/media?parent=203"}],"curies":[{"name":"wp","href":"https:\/\/api.w.org\/{rel}","templated":true}]}}