{"id":7323,"date":"2023-12-15T15:24:33","date_gmt":"2023-12-15T12:24:33","guid":{"rendered":"https:\/\/africancourtcoalition.org\/wp\/?page_id=7323"},"modified":"2023-12-15T15:24:38","modified_gmt":"2023-12-15T12:24:38","slug":"questionnaire-french","status":"publish","type":"page","link":"https:\/\/africancourtcoalition.org\/pt\/questionnaire-french\/","title":{"rendered":"Questionnaire (French)"},"content":{"rendered":"\n<div class='fluentform ff-default fluentform_wrapper_21 ffs_default_wrap'><form data-form_id=\"21\" id=\"fluentform_21\" class=\"frm-fluent-form fluent_form_21 ff-el-form-top ff_form_instance_21_1 ff-form-loading ffs_default\" data-form_instance=\"ff_form_instance_21_1\" method=\"POST\" ><fieldset  style=\"border: none!important;margin: 0!important;padding: 0!important;background-color: transparent!important;box-shadow: none!important;outline: none!important; min-inline-size: 100%;\">\n                    <legend class=\"ff_screen_reader_title\" style=\"display: block; margin: 0!important;padding: 0!important;height: 0!important;text-indent: -999999px;width: 0!important;overflow:hidden;\">Nomination Questionnaire FR<\/legend><p style=\"display: none !important;\" class=\"akismet-fields-container\" data-prefix=\"ak_\"><label>&#916;<textarea name=\"ak_hp_textarea\" cols=\"45\" rows=\"8\" maxlength=\"100\"><\/textarea><\/label><input type=\"hidden\" id=\"ak_js_1\" name=\"ak_js\" value=\"27\"\/><script>document.getElementById( \"ak_js_1\" ).setAttribute( \"value\", ( new Date() ).getTime() );<\/script><\/p>        <div\n                style=\"display: none!important; position: absolute!important; transform: translateX(1000%)!important;\"\n                class=\"ff-el-group ff-hpsf-container\"\n        >\n            <div class=\"ff-el-input--label asterisk-right\">\n                <label for=\"ff_21_item_sf\" aria-label=\"Subscribe\">\n                    Subscribe                <\/label>\n            <\/div>\n            <div class=\"ff-el-input--content\">\n                <input type=\"text\"\n                       name=\"item_21__fluent_sf\"\n                       class=\"ff-el-form-control\"\n                       id=\"ff_21_item_sf\"\n                \/>\n            <\/div>\n        <\/div>\n        <input type='hidden' name='__fluent_form_embded_post_id' value='7323' \/><input type=\"hidden\" id=\"_fluentform_21_fluentformnonce\" name=\"_fluentform_21_fluentformnonce\" value=\"ac448619dc\" \/><input type=\"hidden\" name=\"_wp_http_referer\" value=\"\/pt\/wp-json\/wp\/v2\/pages\/7323\" \/><div class=\"ff-el-group ff-el-section-break  ff_left\" data-name=\"section_break-21_1\" ><h3 class='ff-el-section-title'><\/h3><div class='ff-section_break_desk'><p style=\"text-align: center\"><span style=\"color: #008000\"><strong>Questionnaire sur le niveau de transparence, au niveau national dans le processus de nomination des membres du syst\u00e8me africain des droits de l'homme (la Cour africaine, la Commission africaine et le Comit\u00e9-ACERWC)<\/strong><\/span><\/p><\/div><hr \/><\/div><div class=\"ff-el-group ff-el-section-break  ff_left\" data-name=\"section_break-21_2\" ><h3 class='ff-el-section-title'><\/h3><div class='ff-section_break_desk'><p>Les membres du syst\u00e8me africain des droits de l'homme d\u00e9crits ici sont les juges de la Cour africaine des droits de l'homme et des peuples, les commissaires de la Commission africaine des droits de l'homme et des peuples et les membres du Comit\u00e9 africain d'experts sur les droits et le bien-\u00eatre de l'enfant.<\/p><\/div><hr \/><\/div><div class=\"ff-name-address-wrapper fluent-address\" data-type=\"address-element\" data-name=\"address_2\" ><div class='ff-el-input--content'><div class='ff-t-container'><div class='ff-t-cell'><div class='ff-el-group'><div class=\"ff-el-input--label ff-el-is-required asterisk-right\"><label for='ff_21_address_2_country_' aria-label=\"1. Le non de votre pays\">1. Le non de votre pays <\/label><\/div><div class='ff-el-input--content'><select name=\"address_2[country]\" id=\"ff_21_address_2_country_\" class=\"ff-el-form-control\" placeholder=\"Choisessez votre pays\" data-key_name=\"country\" aria-invalid='false' aria-required=true><option value=''>Choisessez votre pays<\/option><option value='AF' >Afghanistan<\/option><option value='AX' >Aland Islands<\/option><option value='AL' >Albania<\/option><option value='DZ' >Algeria<\/option><option value='AS' >American Samoa<\/option><option value='AD' >Andorra<\/option><option value='AO' >Angola<\/option><option value='AI' >Anguilla<\/option><option value='AQ' >Antarctica<\/option><option value='AG' >Antigua and Barbuda<\/option><option value='AR' >Argentina<\/option><option value='AM' >Armenia<\/option><option value='AW' >Aruba<\/option><option value='AU' >Australia<\/option><option value='AT' >Austria<\/option><option value='AZ' >Azerbaijan<\/option><option value='BS' >Bahamas<\/option><option value='BH' >Bahrain<\/option><option value='BD' >Bangladesh<\/option><option value='BB' >Barbados<\/option><option value='BY' >Belarus<\/option><option value='PW' >Belau<\/option><option value='BE' >Belgium<\/option><option value='BZ' >Belize<\/option><option value='BJ' >Benin<\/option><option value='BM' >Bermuda<\/option><option value='BT' >Bhutan<\/option><option value='BO' >Bolivia<\/option><option value='BQ' >Bonaire, Saint Eustatius and Saba<\/option><option value='BA' >Bosnia and Herzegovina<\/option><option value='BW' >Botswana<\/option><option value='BV' >Bouvet Island<\/option><option value='BR' >Brazil<\/option><option value='IO' >British Indian Ocean Territory<\/option><option value='VG' >British Virgin Islands<\/option><option value='BN' >Brunei<\/option><option value='BG' >Bulgaria<\/option><option value='BF' >Burkina Faso<\/option><option value='BI' >Burundi<\/option><option value='KH' >Cambodia<\/option><option value='CM' >Cameroon<\/option><option value='CA' >Canada<\/option><option value='CV' >Cape Verde<\/option><option value='KY' >Cayman Islands<\/option><option value='CF' >Central African Republic<\/option><option value='TD' >Chad<\/option><option value='CL' >Chile<\/option><option value='CN' >China<\/option><option value='CX' >Christmas Island<\/option><option value='CC' >Cocos (Keeling) Islands<\/option><option value='CO' >Colombia<\/option><option value='KM' >Comoros<\/option><option value='CK' >Cook Islands<\/option><option value='CR' >Costa Rica<\/option><option value='HR' >Croatia<\/option><option value='CU' >Cuba<\/option><option value='CW' >Cura&ccedil;ao<\/option><option value='CY' >Cyprus<\/option><option value='CZ' >Czech Republic<\/option><option value='CD' >Democratic Republic of the Congo (Kinshasa)<\/option><option value='DK' >Denmark<\/option><option value='DJ' >Djibouti<\/option><option value='DM' >Dominica<\/option><option value='DO' >Dominican Republic<\/option><option value='EC' >Ecuador<\/option><option value='EG' >Egypt<\/option><option value='SV' >El Salvador<\/option><option value='GQ' >Equatorial Guinea<\/option><option value='ER' >Eritrea<\/option><option value='EE' >Estonia<\/option><option value='ET' >Ethiopia<\/option><option value='FK' >Falkland Islands<\/option><option value='FO' >Faroe Islands<\/option><option value='FJ' >Fiji<\/option><option value='FI' >Finland<\/option><option value='FR' >France<\/option><option value='GF' >French Guiana<\/option><option value='PF' >French Polynesia<\/option><option value='TF' >French Southern Territories<\/option><option value='GA' >Gabon<\/option><option value='GM' >Gambia<\/option><option value='GE' >Georgia<\/option><option value='DE' >Germany<\/option><option value='GH' >Ghana<\/option><option value='GI' >Gibraltar<\/option><option value='GR' >Greece<\/option><option value='GL' >Greenland<\/option><option value='GD' >Grenada<\/option><option value='GP' >Guadeloupe<\/option><option value='GU' >Guam<\/option><option value='GT' >Guatemala<\/option><option value='GG' >Guernsey<\/option><option value='GN' >Guinea<\/option><option value='GW' >Guinea-Bissau<\/option><option value='GY' >Guyana<\/option><option value='HT' >Haiti<\/option><option value='HM' >Heard Island and McDonald Islands<\/option><option value='HN' >Honduras<\/option><option value='HK' >Hong Kong<\/option><option value='HU' >Hungary<\/option><option value='IS' >Iceland<\/option><option value='IN' >India<\/option><option value='ID' >Indonesia<\/option><option value='IR' >Iran<\/option><option value='IQ' >Iraq<\/option><option value='IE' >Ireland<\/option><option value='IM' >Isle of Man<\/option><option value='IL' >Israel<\/option><option value='IT' >Italy<\/option><option value='CI' >Ivory Coast<\/option><option value='JM' >Jamaica<\/option><option value='JP' >Japan<\/option><option value='JE' >Jersey<\/option><option value='JO' >Jordan<\/option><option value='KZ' >Kazakhstan<\/option><option value='KE' >Kenya<\/option><option value='KI' >Kiribati<\/option><option value='XK' >Kosovo<\/option><option value='KW' >Kuwait<\/option><option value='KG' >Kyrgyzstan<\/option><option value='LA' >Laos<\/option><option value='LV' >Latvia<\/option><option value='LB' >Lebanon<\/option><option value='LS' >Lesotho<\/option><option value='LR' >Liberia<\/option><option value='LY' >Libya<\/option><option value='LI' >Liechtenstein<\/option><option value='LT' >Lithuania<\/option><option value='LU' >Luxembourg<\/option><option value='MO' >Macao S.A.R., China<\/option><option value='MK' >Macedonia<\/option><option value='MG' >Madagascar<\/option><option value='MW' >Malawi<\/option><option value='MY' >Malaysia<\/option><option value='MV' >Maldives<\/option><option value='ML' >Mali<\/option><option value='MT' >Malta<\/option><option value='MH' >Marshall Islands<\/option><option value='MQ' >Martinique<\/option><option value='MR' >Mauritania<\/option><option value='MU' >Mauritius<\/option><option value='YT' >Mayotte<\/option><option value='MX' >Mexico<\/option><option value='FM' >Micronesia<\/option><option value='MD' >Moldova<\/option><option value='MC' >Monaco<\/option><option value='MN' >Mongolia<\/option><option value='ME' >Montenegro<\/option><option value='MS' >Montserrat<\/option><option value='MA' >Morocco<\/option><option value='MZ' >Mozambique<\/option><option value='MM' >Myanmar<\/option><option value='NA' >Namibia<\/option><option value='NR' >Nauru<\/option><option value='NP' >Nepal<\/option><option value='NL' >Netherlands<\/option><option value='NC' >New Caledonia<\/option><option value='NZ' >New Zealand<\/option><option value='NI' >Nicaragua<\/option><option value='NE' >Niger<\/option><option value='NG' >Nigeria<\/option><option value='NU' >Niue<\/option><option value='NF' >Norfolk Island<\/option><option value='KP' >North Korea<\/option><option value='MP' >Northern Mariana Islands<\/option><option value='NO' >Norway<\/option><option value='OM' >Oman<\/option><option value='PK' >Pakistan<\/option><option value='PS' >Palestinian Territory<\/option><option value='PA' >Panama<\/option><option value='PG' >Papua New Guinea<\/option><option value='PY' >Paraguay<\/option><option value='PE' >Peru<\/option><option value='PH' >Philippines<\/option><option value='PN' >Pitcairn<\/option><option value='PL' >Poland<\/option><option value='PT' >Portugal<\/option><option value='PR' >Puerto Rico<\/option><option value='QA' >Qatar<\/option><option value='CG' >Republic of the Congo (Brazzaville)<\/option><option value='RE' >Reunion<\/option><option value='RO' >Romania<\/option><option value='RU' >Russia<\/option><option value='RW' >Rwanda<\/option><option value='BL' >Saint Barth&eacute;lemy<\/option><option value='SH' >Saint Helena<\/option><option value='KN' >Saint Kitts and Nevis<\/option><option value='LC' >Saint Lucia<\/option><option value='SX' >Saint Martin (Dutch part)<\/option><option value='MF' >Saint Martin (French part)<\/option><option value='PM' >Saint Pierre and Miquelon<\/option><option value='VC' >Saint Vincent and the Grenadines<\/option><option value='WS' >Samoa<\/option><option value='SM' >San Marino<\/option><option value='ST' >Sao Tome and Principe<\/option><option value='SA' >Saudi Arabia<\/option><option value='SN' >Senegal<\/option><option value='RS' >Serbia<\/option><option value='SC' >Seychelles<\/option><option value='SL' >Sierra Leone<\/option><option value='SG' >Singapore<\/option><option value='SK' >Slovakia<\/option><option value='SI' >Slovenia<\/option><option value='SB' >Solomon Islands<\/option><option value='SO' >Somalia<\/option><option value='ZA' >South Africa<\/option><option value='GS' >South Georgia\/Sandwich Islands<\/option><option value='KR' >South Korea<\/option><option value='SS' >South Sudan<\/option><option value='ES' >Spain<\/option><option value='LK' >Sri Lanka<\/option><option value='SD' >Sudan<\/option><option value='SR' >Suriname<\/option><option value='SJ' >Svalbard and Jan Mayen<\/option><option value='SZ' >Swaziland<\/option><option value='SE' >Sweden<\/option><option value='CH' >Switzerland<\/option><option value='SY' >Syria<\/option><option value='TW' >Taiwan<\/option><option value='TJ' >Tajikistan<\/option><option value='TZ' >Tanzania<\/option><option value='TH' >Thailand<\/option><option value='TL' >Timor-Leste<\/option><option value='TG' >Togo<\/option><option value='TK' >Tokelau<\/option><option value='TO' >Tonga<\/option><option value='TT' >Trinidad and Tobago<\/option><option value='TN' >Tunisia<\/option><option value='TR' >Turkey<\/option><option value='TM' >Turkmenistan<\/option><option value='TC' >Turks and Caicos Islands<\/option><option value='TV' >Tuvalu<\/option><option value='UG' >Uganda<\/option><option value='UA' >Ukraine<\/option><option value='AE' >United Arab Emirates<\/option><option value='GB' >United Kingdom (UK)<\/option><option value='US' >United States (US)<\/option><option value='UM' >United States (US) Minor Outlying Islands<\/option><option value='VI' >United States (US) Virgin Islands<\/option><option value='UY' >Uruguay<\/option><option value='UZ' >Uzbekistan<\/option><option value='VU' >Vanuatu<\/option><option value='VA' >Vatican<\/option><option value='VE' >Venezuela<\/option><option value='VN' >Vietnam<\/option><option value='WF' >Wallis and Futuna<\/option><option value='EH' >Western Sahara<\/option><option value='YE' >Yemen<\/option><option value='ZM' >Zambia<\/option><option value='ZW' >Zimbabwe<\/option><\/select><\/div><\/div><\/div><\/div><\/div><\/div><div class='ff-el-group'><div class=\"ff-el-input--label ff-el-is-required asterisk-right\"><label  aria-label=\"2.\tQuel r\u00f4le vous d\u00e9crit le mieux?\">2.\tQuel r\u00f4le vous d\u00e9crit le mieux?<\/label><\/div><div class='ff-el-input--content'><div class='ff-el-form-check ff-el-form-check-'><label class='ff-el-form-check-label' for=input_radio_1_4f8e962ca044224dba823ffb73b1dbe8><input  type=\"radio\" name=\"input_radio_1\" data-name=\"input_radio_1\" class=\"ff-el-form-check-input ff-el-form-check-radio\" value=\"a) OSC\"  id='input_radio_1_4f8e962ca044224dba823ffb73b1dbe8' aria-label='a) OSC' aria-invalid='false' aria-required=true> <span>a) OSC<\/span><\/label><\/div><div class='ff-el-form-check ff-el-form-check-'><label class='ff-el-form-check-label' for=input_radio_1_073697a3b3dad27e0d25e8849dac81fd><input  type=\"radio\" name=\"input_radio_1\" data-name=\"input_radio_1\" class=\"ff-el-form-check-input ff-el-form-check-radio\" value=\"b) Juriste \"  id='input_radio_1_073697a3b3dad27e0d25e8849dac81fd' aria-label='b) Juriste' aria-invalid='false' aria-required=true> <span>b) Juriste <\/span><\/label><\/div><div class='ff-el-form-check ff-el-form-check-'><label class='ff-el-form-check-label' for=input_radio_1_c2ddd266b87b819703c970831fd28dd5><input  type=\"radio\" name=\"input_radio_1\" data-name=\"input_radio_1\" class=\"ff-el-form-check-input ff-el-form-check-radio\" value=\"c) chercheur\/universitaire \"  id='input_radio_1_c2ddd266b87b819703c970831fd28dd5' aria-label='c) chercheur\/universitaire' aria-invalid='false' aria-required=true> <span>c) chercheur\/universitaire <\/span><\/label><\/div><div class='ff-el-form-check ff-el-form-check-'><label class='ff-el-form-check-label' for=input_radio_1_37ecaf5ca493e27a78b8065c30f880d4><input  type=\"radio\" name=\"input_radio_1\" data-name=\"input_radio_1\" class=\"ff-el-form-check-input ff-el-form-check-radio\" value=\"d) Membre de la magistrature \"  id='input_radio_1_37ecaf5ca493e27a78b8065c30f880d4' aria-label='d) Membre de la magistrature' aria-invalid='false' aria-required=true> <span>d) Membre de la magistrature <\/span><\/label><\/div><div class='ff-el-form-check ff-el-form-check-'><label class='ff-el-form-check-label' for=input_radio_1_0e1cc69722c13ea8ceedfe170f351d1c><input  type=\"radio\" name=\"input_radio_1\" data-name=\"input_radio_1\" class=\"ff-el-form-check-input ff-el-form-check-radio\" value=\"e) INDH \"  id='input_radio_1_0e1cc69722c13ea8ceedfe170f351d1c' aria-label='e) INDH' aria-invalid='false' aria-required=true> <span>e) INDH <\/span><\/label><\/div><div class='ff-el-form-check ff-el-form-check-'><label class='ff-el-form-check-label' for=input_radio_1_ebe5f271bfbdc7256cf70e686a0153e8><input  type=\"radio\" name=\"input_radio_1\" data-name=\"input_radio_1\" class=\"ff-el-form-check-input ff-el-form-check-radio\" value=\"f) autre\"  id='input_radio_1_ebe5f271bfbdc7256cf70e686a0153e8' aria-label='f) autre' aria-invalid='false' aria-required=true> <span>f) autre<\/span><\/label><\/div><\/div><\/div><div class='ff-el-group'><div class=\"ff-el-input--label ff-el-is-required asterisk-right\"><label  aria-label=\"3.\tDans quelle mesure le processus de nomination des candidats \u00e0 l&#039;\u00e9lection des membres du Syst\u00e8me africain des droits de l&#039;homme est-il transparent dans votre pays\">3.\tDans quelle mesure le processus de nomination des candidats \u00e0 l'\u00e9lection des membres du Syst\u00e8me africain des droits de l'homme est-il transparent dans votre pays  <\/label><\/div><div class='ff-el-input--content'><div class='ff-el-form-check ff-el-form-check-'><label class='ff-el-form-check-label' for=input_radio_2_a2f8a27fac8ab2f023a07d330af798b1><input  type=\"radio\" name=\"input_radio_2\" data-name=\"input_radio_2\" class=\"ff-el-form-check-input ff-el-form-check-radio\" value=\"a) 0-25% \"  id='input_radio_2_a2f8a27fac8ab2f023a07d330af798b1' aria-label='a) 0-25%' aria-invalid='false' aria-required=true> <span>a) 0-25% <\/span><\/label><\/div><div class='ff-el-form-check ff-el-form-check-'><label class='ff-el-form-check-label' for=input_radio_2_58701303fba2641d56f24004f2f0fdc7><input  type=\"radio\" name=\"input_radio_2\" data-name=\"input_radio_2\" class=\"ff-el-form-check-input ff-el-form-check-radio\" value=\"b) 26-50% \"  id='input_radio_2_58701303fba2641d56f24004f2f0fdc7' aria-label='b) 26-50%' aria-invalid='false' aria-required=true> <span>b) 26-50% <\/span><\/label><\/div><div class='ff-el-form-check ff-el-form-check-'><label class='ff-el-form-check-label' for=input_radio_2_1a606e2be7a8173b1664c6567675813e><input  type=\"radio\" name=\"input_radio_2\" data-name=\"input_radio_2\" class=\"ff-el-form-check-input ff-el-form-check-radio\" value=\"c) 51-75% \"  id='input_radio_2_1a606e2be7a8173b1664c6567675813e' aria-label='c) 51-75%' aria-invalid='false' aria-required=true> <span>c) 51-75% <\/span><\/label><\/div><div class='ff-el-form-check ff-el-form-check-'><label class='ff-el-form-check-label' for=input_radio_2_787ac9d77b8082f55ed11ada53d0df08><input  type=\"radio\" name=\"input_radio_2\" data-name=\"input_radio_2\" class=\"ff-el-form-check-input ff-el-form-check-radio\" value=\"d) 76-100%\"  id='input_radio_2_787ac9d77b8082f55ed11ada53d0df08' aria-label='d) 76-100%' aria-invalid='false' aria-required=true> <span>d) 76-100%<\/span><\/label><\/div><\/div><\/div><div class='ff-el-group'><div class=\"ff-el-input--label ff-el-is-required asterisk-right\"><label  aria-label=\"4.\tSavez-vous quel minist\u00e8re est responsable de la nomination des candidats dans votre pays?\">4.\tSavez-vous quel minist\u00e8re est responsable de la nomination des candidats dans votre pays? <\/label><\/div><div class='ff-el-input--content'><div class='ff-el-form-check ff-el-form-check-'><label class='ff-el-form-check-label' for=input_radio_3_6954667bf0b59e45143fde38690cdbe4><input  type=\"radio\" name=\"input_radio_3\" data-name=\"input_radio_3\" class=\"ff-el-form-check-input ff-el-form-check-radio\" value=\"a) Oui\"  id='input_radio_3_6954667bf0b59e45143fde38690cdbe4' aria-label='a) Oui' aria-invalid='false' aria-required=true> <span>a) Oui<\/span><\/label><\/div><div class='ff-el-form-check ff-el-form-check-'><label class='ff-el-form-check-label' for=input_radio_3_b0acbc3a8f255e752ffbeca8b9a0d19d><input  type=\"radio\" name=\"input_radio_3\" data-name=\"input_radio_3\" class=\"ff-el-form-check-input ff-el-form-check-radio\" value=\"b) Non\"  id='input_radio_3_b0acbc3a8f255e752ffbeca8b9a0d19d' aria-label='b) Non' aria-invalid='false' aria-required=true> <span>b) Non<\/span><\/label><\/div><\/div><\/div><div class='ff-el-group'><div class=\"ff-el-input--label asterisk-right\"><label for='ff_21_input_text' aria-label=\"Si la r\u00e9ponse est oui, veuillez indiquer le nom du minist\u00e8re\">Si la r\u00e9ponse est oui, veuillez indiquer le nom du minist\u00e8re<\/label><\/div><div class='ff-el-input--content'><input type=\"text\" name=\"input_text\" class=\"ff-el-form-control\" data-name=\"input_text\" id=\"ff_21_input_text\"  aria-invalid=\"false\" aria-required=false><\/div><\/div><div class='ff-el-group'><div class=\"ff-el-input--label asterisk-right\"><label for='ff_21_input_text_1' aria-label=\"5.\tSelon vous, quel pays d\u2019Afrique a le processus de nomination le plus transparent dont les autres peuvent s\u2019inspirer? (Vous pouvez en nommer plus d\u2019un)\">5.\tSelon vous, quel pays d\u2019Afrique a le processus de nomination le plus transparent dont les autres peuvent s\u2019inspirer? (Vous pouvez en nommer plus d\u2019un) <\/label><\/div><div class='ff-el-input--content'><input type=\"text\" name=\"input_text_1\" class=\"ff-el-form-control\" data-name=\"input_text_1\" id=\"ff_21_input_text_1\"  aria-invalid=\"false\" aria-required=false><\/div><\/div><div class='ff-el-group'><div class=\"ff-el-input--label ff-el-is-required asterisk-right\"><label for='ff_21_description_2' aria-label=\"6.\tDans votre r\u00f4le, que pouvez-vous faire pour rendre le processus de nomination plus transparent dans votre pays? (Pas plus de 200 mots)\">6.\tDans votre r\u00f4le, que pouvez-vous faire pour rendre le processus de nomination plus transparent dans votre pays? (Pas plus de 200 mots)<\/label><\/div><div class='ff-el-input--content'><textarea aria-invalid=\"false\" aria-required=true name=\"description_2\" id=\"ff_21_description_2\" class=\"ff-el-form-control\" rows=\"6\" cols=\"2\" data-name=\"description_2\" ><\/textarea><\/div><\/div><div class='ff-el-group'><div class=\"ff-el-input--label asterisk-right\"><label for='ff_21_description_10' aria-label=\"7.\tPouvez-vous donner trois noms de candidats dans votre pays qui, selon vous, pourraient \u00eatre membres du syst\u00e8me africain des droits de l&#039;homme? (Pas plus de 50 mots)\">7.\tPouvez-vous donner trois noms de candidats dans votre pays qui, selon vous, pourraient \u00eatre membres du syst\u00e8me africain des droits de l'homme? (Pas plus de 50 mots)<\/label><\/div><div class='ff-el-input--content'><textarea aria-invalid=\"false\" aria-required=false name=\"description_10\" id=\"ff_21_description_10\" class=\"ff-el-form-control\" rows=\"4\" cols=\"2\" data-name=\"description_10\" ><\/textarea><\/div><\/div><div class='ff-el-group ff-text-center ff_submit_btn_wrapper'><button type=\"submit\" class=\"ff-btn ff-btn-submit ff-btn-md ff_btn_style wpf_has_custom_css\" >Soumettre le formulaire<\/button><\/div><\/fieldset><\/form><div id='fluentform_21_errors' class='ff-errors-in-stack ff_form_instance_21_1 ff-form-loading_errors ff_form_instance_21_1_errors'><\/div><\/div>            <script type=\"text\/javascript\">\n                window.fluent_form_ff_form_instance_21_1 = {\"id\":\"21\",\"settings\":{\"layout\":{\"labelPlacement\":\"top\",\"helpMessagePlacement\":\"with_label\",\"errorMessagePlacement\":\"inline\"},\"restrictions\":{\"denyEmptySubmission\":{\"enabled\":false}}},\"form_instance\":\"ff_form_instance_21_1\",\"form_id_selector\":\"fluentform_21\",\"rules\":{\"address_2[address_line_1]\":{\"required\":{\"value\":true,\"message\":\"This field is required\"}},\"address_2[address_line_2]\":{\"required\":{\"value\":true,\"message\":\"This field is required\"}},\"address_2[city]\":{\"required\":{\"value\":true,\"message\":\"This field is required\"}},\"address_2[state]\":{\"required\":{\"value\":true,\"message\":\"This field is required\"}},\"address_2[zip]\":{\"required\":{\"value\":false,\"message\":\"This field is required\"}},\"address_2[country]\":{\"required\":{\"value\":true,\"message\":\"Ce champ est obligatoire\"}},\"input_radio_1\":{\"required\":{\"value\":true,\"message\":\"This field is required\"}},\"input_radio_2\":{\"required\":{\"value\":true,\"message\":\"This field is required\"}},\"input_radio_3\":{\"required\":{\"value\":true,\"message\":\"This field is required\"}},\"input_text\":{\"required\":{\"value\":false,\"message\":\"This field is required\"}},\"input_text_1\":{\"required\":{\"value\":false,\"message\":\"This field is required\"}},\"description_2\":{\"required\":{\"value\":true,\"message\":\"This field is required\"}},\"description_10\":{\"required\":{\"value\":false,\"message\":\"This field is required\"}}},\"debounce_time\":300};\n                            <\/script>\n            \n","protected":false},"excerpt":{"rendered":"","protected":false},"author":2,"featured_media":0,"parent":0,"menu_order":0,"comment_status":"closed","ping_status":"closed","template":"","meta":{"footnotes":""},"class_list":["post-7323","page","type-page","status-publish","hentry"],"_links":{"self":[{"href":"https:\/\/africancourtcoalition.org\/pt\/wp-json\/wp\/v2\/pages\/7323","targetHints":{"allow":["GET"]}}],"collection":[{"href":"https:\/\/africancourtcoalition.org\/pt\/wp-json\/wp\/v2\/pages"}],"about":[{"href":"https:\/\/africancourtcoalition.org\/pt\/wp-json\/wp\/v2\/types\/page"}],"author":[{"embeddable":true,"href":"https:\/\/africancourtcoalition.org\/pt\/wp-json\/wp\/v2\/users\/2"}],"replies":[{"embeddable":true,"href":"https:\/\/africancourtcoalition.org\/pt\/wp-json\/wp\/v2\/comments?post=7323"}],"version-history":[{"count":0,"href":"https:\/\/africancourtcoalition.org\/pt\/wp-json\/wp\/v2\/pages\/7323\/revisions"}],"wp:attachment":[{"href":"https:\/\/africancourtcoalition.org\/pt\/wp-json\/wp\/v2\/media?parent=7323"}],"curies":[{"name":"wp","href":"https:\/\/api.w.org\/{rel}","templated":true}]}}