{"id":8821,"date":"2024-12-12T17:49:50","date_gmt":"2024-12-12T14:49:50","guid":{"rendered":"https:\/\/africancourtcoalition.org\/?page_id=8821"},"modified":"2024-12-13T11:35:55","modified_gmt":"2024-12-13T08:35:55","slug":"formulaire-dinscription-a-la-plateforme-des-parties-prenantes","status":"publish","type":"page","link":"https:\/\/africancourtcoalition.org\/pt\/formulaire-dinscription-a-la-plateforme-des-parties-prenantes\/","title":{"rendered":"Formulaire D&#8217;inscription A La Plateforme Des Parties Prenantes"},"content":{"rendered":"\t\t<div data-elementor-type=\"wp-page\" data-elementor-id=\"8821\" class=\"elementor elementor-8821\" data-elementor-post-type=\"page\">\n\t\t\t\t\t\t<section class=\"elementor-section elementor-top-section elementor-element elementor-element-e2b7d15 elementor-section-boxed elementor-section-height-default elementor-section-height-default\" data-id=\"e2b7d15\" data-element_type=\"section\">\r\n\t\t\r\n\t\t\t\t\t\t\t<div class=\"elementor-container elementor-column-gap-default\">\r\n\t\t\t\t\t\t\t\t\t\t\t<div class=\"elementor-column elementor-col-100 elementor-top-column elementor-element elementor-element-68e360d\" data-id=\"68e360d\" data-element_type=\"column\" data-settings=\"{&quot;background_background&quot;:&quot;classic&quot;}\">\r\n\t\t\t\t\t<div class=\"elementor-widget-wrap elementor-element-populated\">\r\n\t\t\t\t\t\t\t\t<div class=\"elementor-element elementor-element-831f27a fluentform-widget-submit-button-center fluent-form-widget-step-header-yes fluent-form-widget-step-progressbar-yes fluentform-widget-submit-button-custom elementor-widget elementor-widget-fluent-form-widget\" data-id=\"831f27a\" data-element_type=\"widget\" data-widget_type=\"fluent-form-widget.default\">\n\t\t\t\t<div class=\"elementor-widget-container\">\n\t\t\t\n            <div class=\"fluentform-widget-wrapper fluentform-widget-align-center\">\n\n                            <div class=\"fluentform-widget-heading\">\n                                        <h3 class=\"fluentform-widget-title\">\n                        Merci de votre int\u00e9r\u00eat pour participer \u00e0 la Plateforme des Parties Prenantes de la Coalition pour la Cour Africaine !                    <\/h3>\n                                                            <p class=\"fluentform-widget-description\">\n                        Veuillez remplir les informations ci-dessous pour nous aider \u00e0 rendre int\u00e9ressante votre participation                     <\/p>\n                                    <\/div>\n            \n            <div id='ff_form_40' class='ff_form_not_render'>Form submission is now closed.<\/div>            <\/div>\n\n            \t\t<\/div>\n\t\t\t\t<\/div>\n\t\t\t\t\t<\/div>\r\n\t\t\t\t<\/div>\r\n\t\t\t\t\t<\/div>\r\n\t\t\t\t<\/section>\r\n\t\t\t\t<\/div>\n\t\t","protected":false},"excerpt":{"rendered":"<p>Merci de votre int\u00e9r\u00eat pour participer \u00e0 la Plateforme des Parties Prenantes de la Coalition pour la Cour Africaine ! Veuillez remplir les informations ci-dessous pour nous aider \u00e0 rendre int\u00e9ressante votre participation FR_Event Registration Form (#40) &#916; Nom complet Nom de l&#8217;organisation\/institution&#8211; Please Select &#8211;State actorsNational Human Rights InstitutionsCivil Society OrganisationsLegal practitioners and law [&hellip;]<\/p>\n","protected":false},"author":2,"featured_media":0,"parent":0,"menu_order":0,"comment_status":"closed","ping_status":"closed","template":"","meta":{"footnotes":""},"class_list":["post-8821","page","type-page","status-publish","hentry"],"_links":{"self":[{"href":"https:\/\/africancourtcoalition.org\/pt\/wp-json\/wp\/v2\/pages\/8821","targetHints":{"allow":["GET"]}}],"collection":[{"href":"https:\/\/africancourtcoalition.org\/pt\/wp-json\/wp\/v2\/pages"}],"about":[{"href":"https:\/\/africancourtcoalition.org\/pt\/wp-json\/wp\/v2\/types\/page"}],"author":[{"embeddable":true,"href":"https:\/\/africancourtcoalition.org\/pt\/wp-json\/wp\/v2\/users\/2"}],"replies":[{"embeddable":true,"href":"https:\/\/africancourtcoalition.org\/pt\/wp-json\/wp\/v2\/comments?post=8821"}],"version-history":[{"count":5,"href":"https:\/\/africancourtcoalition.org\/pt\/wp-json\/wp\/v2\/pages\/8821\/revisions"}],"predecessor-version":[{"id":8840,"href":"https:\/\/africancourtcoalition.org\/pt\/wp-json\/wp\/v2\/pages\/8821\/revisions\/8840"}],"wp:attachment":[{"href":"https:\/\/africancourtcoalition.org\/pt\/wp-json\/wp\/v2\/media?parent=8821"}],"curies":[{"name":"wp","href":"https:\/\/api.w.org\/{rel}","templated":true}]}}